{"id":9615,"date":"2025-11-03T11:01:55","date_gmt":"2025-11-03T11:01:55","guid":{"rendered":"https:\/\/mojago.tv\/usa\/?post_type=product&#038;p=9615"},"modified":"2025-11-03T11:01:55","modified_gmt":"2025-11-03T11:01:55","slug":"sto-se-bore-misli-moje","status":"publish","type":"product","link":"https:\/\/mojago.tv\/usa\/proizvod\/sto-se-bore-misli-moje\/","title":{"rendered":"\u0160to se bore misli moje"},"content":{"rendered":"","protected":false},"excerpt":{"rendered":"<p><strong>\u017danr:<\/strong> historijska drama &#8211; triler<\/p>\n<p><strong>Opis:<\/strong> Film prati posljednje dane srpskog kneza Mihaila Obrenovi\u0107a, zaljubljenog \u010doveka koji se bori sa ose\u0107ajem du\u017enosti prema svom narodu dok se protiv njega kuje kobna zavjera, koja \u0107e zaustaviti oslobo\u0111enje balkanskih naroda. Srbija \u0107e se jo\u0161 jednom na\u0107i na prekretnici&#8230;<\/p>\n","protected":false},"featured_media":9616,"template":"","meta":[],"product_cat":[318],"product_tag":[],"aioseo_notices":[],"_links":{"self":[{"href":"https:\/\/mojago.tv\/usa\/wp-json\/wp\/v2\/product\/9615"}],"collection":[{"href":"https:\/\/mojago.tv\/usa\/wp-json\/wp\/v2\/product"}],"about":[{"href":"https:\/\/mojago.tv\/usa\/wp-json\/wp\/v2\/types\/product"}],"wp:featuredmedia":[{"embeddable":true,"href":"https:\/\/mojago.tv\/usa\/wp-json\/wp\/v2\/media\/9616"}],"wp:attachment":[{"href":"https:\/\/mojago.tv\/usa\/wp-json\/wp\/v2\/media?parent=9615"}],"wp:term":[{"taxonomy":"product_cat","embeddable":true,"href":"https:\/\/mojago.tv\/usa\/wp-json\/wp\/v2\/product_cat?post=9615"},{"taxonomy":"product_tag","embeddable":true,"href":"https:\/\/mojago.tv\/usa\/wp-json\/wp\/v2\/product_tag?post=9615"}],"curies":[{"name":"wp","href":"https:\/\/api.w.org\/{rel}","templated":true}]}}