{"id":9613,"date":"2025-11-03T09:39:26","date_gmt":"2025-11-03T09:39:26","guid":{"rendered":"https:\/\/mojago.tv\/usa\/?post_type=product&#038;p=9613"},"modified":"2025-11-03T09:39:26","modified_gmt":"2025-11-03T09:39:26","slug":"megdan","status":"publish","type":"product","link":"https:\/\/mojago.tv\/usa\/proizvod\/megdan\/","title":{"rendered":"Megdan"},"content":{"rendered":"","protected":false},"excerpt":{"rendered":"<p><span style=\"font-weight: 400;\"><strong>\u017danr:<\/strong> komedija &#8211; sportska drama<\/span><\/p>\n<p><span style=\"font-weight: 400;\"><strong>Opis:<\/strong> Film prati grupu momaka koji se nalaze u situaciji izbora izme\u0111u &#8220;vode i vatre&#8221;, ali \u017eele da zadr\u017ee i jedno i drugo. Radnja se odvija u svijetu borila\u010dkih ve\u0161tina, uz elemente komedije i drame.<\/span><\/p>\n","protected":false},"featured_media":9614,"template":"","meta":[],"product_cat":[318],"product_tag":[],"aioseo_notices":[],"_links":{"self":[{"href":"https:\/\/mojago.tv\/usa\/wp-json\/wp\/v2\/product\/9613"}],"collection":[{"href":"https:\/\/mojago.tv\/usa\/wp-json\/wp\/v2\/product"}],"about":[{"href":"https:\/\/mojago.tv\/usa\/wp-json\/wp\/v2\/types\/product"}],"wp:featuredmedia":[{"embeddable":true,"href":"https:\/\/mojago.tv\/usa\/wp-json\/wp\/v2\/media\/9614"}],"wp:attachment":[{"href":"https:\/\/mojago.tv\/usa\/wp-json\/wp\/v2\/media?parent=9613"}],"wp:term":[{"taxonomy":"product_cat","embeddable":true,"href":"https:\/\/mojago.tv\/usa\/wp-json\/wp\/v2\/product_cat?post=9613"},{"taxonomy":"product_tag","embeddable":true,"href":"https:\/\/mojago.tv\/usa\/wp-json\/wp\/v2\/product_tag?post=9613"}],"curies":[{"name":"wp","href":"https:\/\/api.w.org\/{rel}","templated":true}]}}