{"id":9609,"date":"2025-11-03T09:16:09","date_gmt":"2025-11-03T09:16:09","guid":{"rendered":"https:\/\/mojago.tv\/usa\/?post_type=product&#038;p=9609"},"modified":"2025-11-03T09:16:09","modified_gmt":"2025-11-03T09:16:09","slug":"stravicno","status":"publish","type":"product","link":"https:\/\/mojago.tv\/usa\/proizvod\/stravicno\/","title":{"rendered":"Stravi\u010dno"},"content":{"rendered":"","protected":false},"excerpt":{"rendered":"<p><span style=\"font-weight: 400;\"><strong>\u017danr:<\/strong> Drama<\/span><\/p>\n<p><span style=\"font-weight: 400;\"><strong>Opis:<\/strong> Ovo je nastavak filma &#8220;Pokidan&#8221; koji govori o zatvorskim danima pjeva\u010da, njegovom osloba\u0111anju pod sumnjivim okolnostima, vrac\u0301anju kockarskih dugova i poku\u0161ajima da se izlije\u010di od raznih zavisnosti. Istovremeno, njegova velika popularnost i teret elitnog \u017eivota, gdje mu je sve dostupno, dodatno komplikuju njegov li\u010dni put..<\/span><\/p>\n","protected":false},"featured_media":9610,"template":"","meta":[],"product_cat":[318],"product_tag":[],"aioseo_notices":[],"_links":{"self":[{"href":"https:\/\/mojago.tv\/usa\/wp-json\/wp\/v2\/product\/9609"}],"collection":[{"href":"https:\/\/mojago.tv\/usa\/wp-json\/wp\/v2\/product"}],"about":[{"href":"https:\/\/mojago.tv\/usa\/wp-json\/wp\/v2\/types\/product"}],"wp:featuredmedia":[{"embeddable":true,"href":"https:\/\/mojago.tv\/usa\/wp-json\/wp\/v2\/media\/9610"}],"wp:attachment":[{"href":"https:\/\/mojago.tv\/usa\/wp-json\/wp\/v2\/media?parent=9609"}],"wp:term":[{"taxonomy":"product_cat","embeddable":true,"href":"https:\/\/mojago.tv\/usa\/wp-json\/wp\/v2\/product_cat?post=9609"},{"taxonomy":"product_tag","embeddable":true,"href":"https:\/\/mojago.tv\/usa\/wp-json\/wp\/v2\/product_tag?post=9609"}],"curies":[{"name":"wp","href":"https:\/\/api.w.org\/{rel}","templated":true}]}}