{"id":9607,"date":"2025-11-03T09:06:43","date_gmt":"2025-11-03T09:06:43","guid":{"rendered":"https:\/\/mojago.tv\/usa\/?post_type=product&#038;p=9607"},"modified":"2025-11-03T09:10:47","modified_gmt":"2025-11-03T09:10:47","slug":"pokidan","status":"publish","type":"product","link":"https:\/\/mojago.tv\/usa\/proizvod\/pokidan\/","title":{"rendered":"Pokidan"},"content":{"rendered":"","protected":false},"excerpt":{"rendered":"<p><strong>\u017danr:<\/strong> Drama<\/p>\n<p><strong>Opis:<\/strong> Film je djelimi\u010dno inspirisan \u017eivotom peva\u010da Ace Lukasa. Prvi dio filmske trilogije bavi se pitanjem balansa izme\u0111u li\u010dnih ambicija i realnosti, prate\u0107i \u017eivot mladog pjeva\u010da koji mijenja svoj \u017eivot.<\/p>\n","protected":false},"featured_media":9608,"template":"","meta":[],"product_cat":[318],"product_tag":[],"aioseo_notices":[],"_links":{"self":[{"href":"https:\/\/mojago.tv\/usa\/wp-json\/wp\/v2\/product\/9607"}],"collection":[{"href":"https:\/\/mojago.tv\/usa\/wp-json\/wp\/v2\/product"}],"about":[{"href":"https:\/\/mojago.tv\/usa\/wp-json\/wp\/v2\/types\/product"}],"wp:featuredmedia":[{"embeddable":true,"href":"https:\/\/mojago.tv\/usa\/wp-json\/wp\/v2\/media\/9608"}],"wp:attachment":[{"href":"https:\/\/mojago.tv\/usa\/wp-json\/wp\/v2\/media?parent=9607"}],"wp:term":[{"taxonomy":"product_cat","embeddable":true,"href":"https:\/\/mojago.tv\/usa\/wp-json\/wp\/v2\/product_cat?post=9607"},{"taxonomy":"product_tag","embeddable":true,"href":"https:\/\/mojago.tv\/usa\/wp-json\/wp\/v2\/product_tag?post=9607"}],"curies":[{"name":"wp","href":"https:\/\/api.w.org\/{rel}","templated":true}]}}