{"id":9605,"date":"2025-11-03T09:01:34","date_gmt":"2025-11-03T09:01:34","guid":{"rendered":"https:\/\/mojago.tv\/usa\/?post_type=product&#038;p=9605"},"modified":"2025-11-03T09:01:34","modified_gmt":"2025-11-03T09:01:34","slug":"bauk","status":"publish","type":"product","link":"https:\/\/mojago.tv\/usa\/proizvod\/bauk\/","title":{"rendered":"Bauk"},"content":{"rendered":"","protected":false},"excerpt":{"rendered":"<p><strong>\u017danr:<\/strong>\u00a0Drama<\/p>\n<p><strong>Opis:<\/strong>\u00a0Potresna drama o \u017eivotu jedne porodice tokom prolje\u0107a 1999. godine u Beogradu. Osmogodi\u0161njem Savi, koji \u017eivi sa majkom u soliteru, dok mu otac plovi svjetskim morima, dje\u010diji svet naglo po\u010dinje da se mijenja po\u010detkom bombardovanja Beograda. Izme\u0111u sirena, nestanaka struje, no\u0107i provedenih u podrumu, gubitkom prve ljubavi, Sava odrasta br\u017ee nego \u0161to bi trebalo.<\/p>\n","protected":false},"featured_media":9606,"template":"","meta":[],"product_cat":[318],"product_tag":[],"aioseo_notices":[],"_links":{"self":[{"href":"https:\/\/mojago.tv\/usa\/wp-json\/wp\/v2\/product\/9605"}],"collection":[{"href":"https:\/\/mojago.tv\/usa\/wp-json\/wp\/v2\/product"}],"about":[{"href":"https:\/\/mojago.tv\/usa\/wp-json\/wp\/v2\/types\/product"}],"wp:featuredmedia":[{"embeddable":true,"href":"https:\/\/mojago.tv\/usa\/wp-json\/wp\/v2\/media\/9606"}],"wp:attachment":[{"href":"https:\/\/mojago.tv\/usa\/wp-json\/wp\/v2\/media?parent=9605"}],"wp:term":[{"taxonomy":"product_cat","embeddable":true,"href":"https:\/\/mojago.tv\/usa\/wp-json\/wp\/v2\/product_cat?post=9605"},{"taxonomy":"product_tag","embeddable":true,"href":"https:\/\/mojago.tv\/usa\/wp-json\/wp\/v2\/product_tag?post=9605"}],"curies":[{"name":"wp","href":"https:\/\/api.w.org\/{rel}","templated":true}]}}