{"id":9601,"date":"2025-11-03T08:52:08","date_gmt":"2025-11-03T08:52:08","guid":{"rendered":"https:\/\/mojago.tv\/usa\/?post_type=product&#038;p=9601"},"modified":"2025-11-03T08:52:39","modified_gmt":"2025-11-03T08:52:39","slug":"volja-sinovljeva","status":"publish","type":"product","link":"https:\/\/mojago.tv\/usa\/proizvod\/volja-sinovljeva\/","title":{"rendered":"Volja sinovljeva"},"content":{"rendered":"","protected":false},"excerpt":{"rendered":"<p><strong>\u017danr:<\/strong> <span style=\"font-weight: 400;\">Akcija &#8211; fantazija<\/span><\/p>\n<p><strong>Opis:<\/strong> <span style=\"font-weight: 400;\">Epska avantura smje\u0161tena u post-apokalipti\u010dnu budu\u0107nost. Guslar i de\u010dak lutaju kroz razru\u0161eni svet, pjevaju\u0107i pesme da bi pre\u017eiveli. Guslar \u0107e pjevati pesmu o Zrnoljudima dok Jovan kre\u0107e na put u potrazi za sestrom. Duboke tajne njegove pro\u0161losti \u0107e biti otkrivene. Serija je dostupna na engleskom i makedonskom jeziku.<\/span><\/p>\n<p>&nbsp;<\/p>\n","protected":false},"featured_media":9603,"template":"","meta":[],"product_cat":[15,318],"product_tag":[],"aioseo_notices":[],"_links":{"self":[{"href":"https:\/\/mojago.tv\/usa\/wp-json\/wp\/v2\/product\/9601"}],"collection":[{"href":"https:\/\/mojago.tv\/usa\/wp-json\/wp\/v2\/product"}],"about":[{"href":"https:\/\/mojago.tv\/usa\/wp-json\/wp\/v2\/types\/product"}],"wp:featuredmedia":[{"embeddable":true,"href":"https:\/\/mojago.tv\/usa\/wp-json\/wp\/v2\/media\/9603"}],"wp:attachment":[{"href":"https:\/\/mojago.tv\/usa\/wp-json\/wp\/v2\/media?parent=9601"}],"wp:term":[{"taxonomy":"product_cat","embeddable":true,"href":"https:\/\/mojago.tv\/usa\/wp-json\/wp\/v2\/product_cat?post=9601"},{"taxonomy":"product_tag","embeddable":true,"href":"https:\/\/mojago.tv\/usa\/wp-json\/wp\/v2\/product_tag?post=9601"}],"curies":[{"name":"wp","href":"https:\/\/api.w.org\/{rel}","templated":true}]}}