{"id":9522,"date":"2025-02-18T12:46:31","date_gmt":"2025-02-18T12:46:31","guid":{"rendered":"https:\/\/mojago.tv\/usa\/?post_type=product&#038;p=9522"},"modified":"2025-10-30T13:15:01","modified_gmt":"2025-10-30T13:15:01","slug":"film-ruski-konzul","status":"publish","type":"product","link":"https:\/\/mojago.tv\/usa\/proizvod\/film-ruski-konzul\/","title":{"rendered":"Film Ruski konzul"},"content":{"rendered":"","protected":false},"excerpt":{"rendered":"<p><strong>Opis:<\/strong> Godina je 1973. po\u010dinju previranja izme\u0111u kosovskih Srba i Albanaca u Autonomnoj pokrajini Kosovo. Pri\u010da koja opisuje po\u010detak krize na Kosovu<\/p>\n<p>Film je dostupan 48h nakon aktivacije paketa<\/p>\n<p><a class=\"btn-buy\" href=\"https:\/\/pay.mtel.global\/b\/9AQg1V2LJ47BcZW9Kf\" target=\"_blank\" rel=\"noopener noreferrer\">NARU\u010cI<\/a><\/p>\n","protected":false},"featured_media":9523,"template":"","meta":[],"product_cat":[310,318],"product_tag":[],"aioseo_notices":[],"_links":{"self":[{"href":"https:\/\/mojago.tv\/usa\/wp-json\/wp\/v2\/product\/9522"}],"collection":[{"href":"https:\/\/mojago.tv\/usa\/wp-json\/wp\/v2\/product"}],"about":[{"href":"https:\/\/mojago.tv\/usa\/wp-json\/wp\/v2\/types\/product"}],"wp:featuredmedia":[{"embeddable":true,"href":"https:\/\/mojago.tv\/usa\/wp-json\/wp\/v2\/media\/9523"}],"wp:attachment":[{"href":"https:\/\/mojago.tv\/usa\/wp-json\/wp\/v2\/media?parent=9522"}],"wp:term":[{"taxonomy":"product_cat","embeddable":true,"href":"https:\/\/mojago.tv\/usa\/wp-json\/wp\/v2\/product_cat?post=9522"},{"taxonomy":"product_tag","embeddable":true,"href":"https:\/\/mojago.tv\/usa\/wp-json\/wp\/v2\/product_tag?post=9522"}],"curies":[{"name":"wp","href":"https:\/\/api.w.org\/{rel}","templated":true}]}}