{"id":9235,"date":"2023-04-04T06:28:08","date_gmt":"2023-04-04T06:28:08","guid":{"rendered":"https:\/\/mojago.tv\/usa\/?post_type=product&#038;p=9235"},"modified":"2025-10-30T13:15:01","modified_gmt":"2025-10-30T13:15:01","slug":"ubice-mog-oca-6","status":"publish","type":"product","link":"https:\/\/mojago.tv\/usa\/proizvod\/ubice-mog-oca-6\/","title":{"rendered":"Ubice mog oca 6"},"content":{"rendered":"","protected":false},"excerpt":{"rendered":"<div class=\"more2\"><a class=\"btn\" style=\"color: #fff;\" title=\"\" href=\"https:\/\/mojago.tv\/usa\/probaj-besplatno\/\" target=\"_self\" rel=\"noopener noreferrer\">PROBAJ BESPLATNO<\/a><\/div>\n<div><strong>UBICE MOGA OCA 6<\/strong><\/div>\n<p>Nova sezona Ubice mog oca 6 je prepuna akcije i napetih trenutaka, jer akteri prolaze uspone i padove kockanja uz po\u010detni\u010dku sre\u0107u.Ovo je pri\u010da o uni\u0161tenju,iskupljenju i nepokolebljivom ljudskom duhu.<\/p>\n<p>&nbsp;<\/p>\n<p><a class=\"btn-buy usa\" href=\"https:\/\/checkout.stripe.com\/c\/pay\/cs_live_a1iOjpUyorPpMbkFRMLxlgKSKuZMDT7su71nsjEcCTleFZoJDTEL2IfDSB#fidkdWxOYHwnPyd1blppbHNgWjA0TzdGNXxOTVFqX09UTlY3THF2S0Bza21nfEwzPGRNN2JHPUs0Tm9GMXY3alM3cUBLUWNEb3xmTEFwSlVgNWc0YDI3fz12blY3cE01a2c0N1czRDQwZjFwNTU9SmpiZF88PCcpJ3VpbGtuQH11anZgYUxhJz8nNDFuZE1HYXRrYUxnN2lsZE5LJyknd2BjYHd3YHdKd2xibGsnPydtcXF1dj8qKmlsaWxwaCtnbHF3bH03MStmamgqJ3gl\" target=\"_blank\" rel=\"noopener noreferrer\">NARU\u010cI<\/a><br \/>\n<a class=\"btn-buy uae\" href=\"https:\/\/checkout.stripe.com\/c\/pay\/cs_live_a1iOjpUyorPpMbkFRMLxlgKSKuZMDT7su71nsjEcCTleFZoJDTEL2IfDSB#fidkdWxOYHwnPyd1blppbHNgWjA0TzdGNXxOTVFqX09UTlY3THF2S0Bza21nfEwzPGRNN2JHPUs0Tm9GMXY3alM3cUBLUWNEb3xmTEFwSlVgNWc0YDI3fz12blY3cE01a2c0N1czRDQwZjFwNTU9SmpiZF88PCcpJ3VpbGtuQH11anZgYUxhJz8nNDFuZE1HYXRrYUxnN2lsZE5LJyknd2BjYHd3YHdKd2xibGsnPydtcXF1dj8qKmlsaWxwaCtnbHF3bH03MStmamgqJ3gl\" target=\"_blank\" rel=\"noopener noreferrer\">NARU\u010cI<\/a><br \/>\n<a class=\"btn-buy cad\" href=\"https:\/\/checkout.stripe.com\/c\/pay\/cs_live_a1TAvfgaXUvVDNTc5Z48C6BrVPCzN451xVAZWjcWzWzQnGFrP8AzYSDyO5#fidkdWxOYHwnPyd1blppbHNgWjA0TzdGNXxOTVFqX09UTlY3THF2S0Bza21nfEwzPGRNN2JHPUs0Tm9GMXY3alM3cUBLUWNEb3xmTEFwSlVgNWc0YDI3fz12blY3cE01a2c0N1czRDQwZjFwNTU9SmpiZF88PCcpJ3VpbGtuQH11anZgYUxhJz8nMG5EZlVPYHB3YUxnM0d8NmxoJyknd2BjYHd3YHdKd2xibGsnPydtcXF1dj8qKmlsaWxwaCtnbHF3bH03MStmamgqJ3gl\" target=\"_blank\" rel=\"noopener noreferrer\">NARU\u010cI<\/a><br \/>\n<a class=\"btn-buy aud\" href=\"https:\/\/checkout.stripe.com\/c\/pay\/cs_live_a1TAvfgaXUvVDNTc5Z48C6BrVPCzN451xVAZWjcWzWzQnGFrP8AzYSDyO5#fidkdWxOYHwnPyd1blppbHNgWjA0TzdGNXxOTVFqX09UTlY3THF2S0Bza21nfEwzPGRNN2JHPUs0Tm9GMXY3alM3cUBLUWNEb3xmTEFwSlVgNWc0YDI3fz12blY3cE01a2c0N1czRDQwZjFwNTU9SmpiZF88PCcpJ3VpbGtuQH11anZgYUxhJz8nMG5EZlVPYHB3YUxnM0d8NmxoJyknd2BjYHd3YHdKd2xibGsnPydtcXF1dj8qKmlsaWxwaCtnbHF3bH03MStmamgqJ3gl\" target=\"_blank\" rel=\"noopener noreferrer\">NARU\u010cI<\/a><\/p>\n","protected":false},"featured_media":9236,"template":"","meta":[],"product_cat":[318,285],"product_tag":[],"aioseo_notices":[],"_links":{"self":[{"href":"https:\/\/mojago.tv\/usa\/wp-json\/wp\/v2\/product\/9235"}],"collection":[{"href":"https:\/\/mojago.tv\/usa\/wp-json\/wp\/v2\/product"}],"about":[{"href":"https:\/\/mojago.tv\/usa\/wp-json\/wp\/v2\/types\/product"}],"wp:featuredmedia":[{"embeddable":true,"href":"https:\/\/mojago.tv\/usa\/wp-json\/wp\/v2\/media\/9236"}],"wp:attachment":[{"href":"https:\/\/mojago.tv\/usa\/wp-json\/wp\/v2\/media?parent=9235"}],"wp:term":[{"taxonomy":"product_cat","embeddable":true,"href":"https:\/\/mojago.tv\/usa\/wp-json\/wp\/v2\/product_cat?post=9235"},{"taxonomy":"product_tag","embeddable":true,"href":"https:\/\/mojago.tv\/usa\/wp-json\/wp\/v2\/product_tag?post=9235"}],"curies":[{"name":"wp","href":"https:\/\/api.w.org\/{rel}","templated":true}]}}