{"id":9229,"date":"2023-01-16T09:57:31","date_gmt":"2023-01-16T09:57:31","guid":{"rendered":"https:\/\/mojago.tv\/usa\/?post_type=product&#038;p=9229"},"modified":"2025-10-30T13:15:01","modified_gmt":"2025-10-30T13:15:01","slug":"pad","status":"publish","type":"product","link":"https:\/\/mojago.tv\/usa\/proizvod\/pad\/","title":{"rendered":"PAD"},"content":{"rendered":"","protected":false},"excerpt":{"rendered":"<div><strong>SERIJA PAD<\/strong><\/div>\n<p>Serija govori o moralnom, duhovnom, ali i fizi\u010dkom padu jedne zemlje \u2013 Jugoslavije. \u0160ta se de\u0161avalo sa \u017eivotima obi\u010dnih ljudi u tragi\u010dnom vremenu i kako jedna umetni\u010dka energija mo\u017ee postati destruktivna i ru\u0161ila\u010dka? Inspiracija za seriju bila je knjiga \u017darka Lau\u0161evi\u0107a \u201cGodina pro\u0111e, dan nikad\u201d.<\/p>\n<p><strong>Re\u017eija:<\/strong> Bojan Vuleti\u0107<br \/>\n<strong>Glumci:<\/strong> Milan Mari\u0107, Jovan Veljkovi\u0107, Ljubomir Bandovi\u0107, Mima Karad\u017ei\u0107, Izudin Bajrovi\u0107,<br \/>\nDragan Marinkovi\u0107, Svetozar Cvetkovi\u0107 Vahid D\u017eankovi\u0107<\/p>\n<p><strong>Serija je besplatna i dostupna je svim korisnicima.<\/strong><\/p>\n<p>&nbsp;<\/p>\n","protected":false},"featured_media":9230,"template":"","meta":[],"product_cat":[269,318],"product_tag":[],"aioseo_notices":[],"_links":{"self":[{"href":"https:\/\/mojago.tv\/usa\/wp-json\/wp\/v2\/product\/9229"}],"collection":[{"href":"https:\/\/mojago.tv\/usa\/wp-json\/wp\/v2\/product"}],"about":[{"href":"https:\/\/mojago.tv\/usa\/wp-json\/wp\/v2\/types\/product"}],"wp:featuredmedia":[{"embeddable":true,"href":"https:\/\/mojago.tv\/usa\/wp-json\/wp\/v2\/media\/9230"}],"wp:attachment":[{"href":"https:\/\/mojago.tv\/usa\/wp-json\/wp\/v2\/media?parent=9229"}],"wp:term":[{"taxonomy":"product_cat","embeddable":true,"href":"https:\/\/mojago.tv\/usa\/wp-json\/wp\/v2\/product_cat?post=9229"},{"taxonomy":"product_tag","embeddable":true,"href":"https:\/\/mojago.tv\/usa\/wp-json\/wp\/v2\/product_tag?post=9229"}],"curies":[{"name":"wp","href":"https:\/\/api.w.org\/{rel}","templated":true}]}}