{"id":8842,"date":"2021-11-12T11:04:18","date_gmt":"2021-11-12T11:04:18","guid":{"rendered":"https:\/\/mojago.tv\/usa\/?post_type=product&#038;p=8842"},"modified":"2025-10-30T13:15:01","modified_gmt":"2025-10-30T13:15:01","slug":"gledaj-film-toma-bilo-gdje-u-svijetu","status":"publish","type":"product","link":"https:\/\/mojago.tv\/usa\/proizvod\/gledaj-film-toma-bilo-gdje-u-svijetu\/","title":{"rendered":"Gledaj film TOMA bilo gdje u svijetu"},"content":{"rendered":"","protected":false},"excerpt":{"rendered":"<div class=\"more2\"><a class=\"btn\" style=\"color: #fff;\" title=\"\" href=\"https:\/\/mojago.tv\/usa\/probaj-besplatno\/\" target=\"_self\" rel=\"noopener noreferrer\">PROBAJ BESPLATNO<\/a><\/div>\n<p><b>TOMA \u2013 biografska filmska pri\u010da o slavnom pjeva\u010du narodne muzike Tomi Zdravkovi\u0107u koji bilje\u017ei sve rekorde gledanosti na Balkanu<\/b><\/p>\n<p>TOMA \u2013 novo ostvarenje Dragana Bjelogrli\u0107a\u00a0koji prikazuje same njegove po\u010detke, ba\u0161 kao i vrhunac slave, njegove ljubavi koje su ga inspirisale prilikom komponovanja nekih od najve\u0107ih hitova, ba\u0161 kao i odnos sa velikim brojem prijatelja koje je imao u umjetni\u010dkom miljeu tada\u0161nje Jugoslavije. Pored Tome, kroz film \u0107emo pratiti i \u017eivote poznatih umjetnika tog vremena: Zorana Radmilovi\u0107a, Mike Anti\u0107a, Tozovca i drugih. Ovo je film o \u010dovjeku koga ne pamtimo samo po\u00a0 njegovim pjesmama i na\u010dinu na koji ih je pjevao, ve\u0107 i kao jednog velikog boema \u2013 po pona\u0161anju i u du\u0161i. Ovo je pri\u010da o du\u0161i.<\/p>\n<p><b>Film je dostupan 48h nakon aktivacije paketa. Sve cijene su prikazane sa porezom.<\/b><\/p>\n<p><strong>Filmovi Toma, Ju\u017eni vetar 2 I Hotel Beograd su besplatni za korisnike koji su korisnici DOUBLE ili MAX paketa<\/strong><\/p>\n<p>&nbsp;<\/p>\n","protected":false},"featured_media":8843,"template":"","meta":[],"product_cat":[265,318],"product_tag":[],"aioseo_notices":[],"_links":{"self":[{"href":"https:\/\/mojago.tv\/usa\/wp-json\/wp\/v2\/product\/8842"}],"collection":[{"href":"https:\/\/mojago.tv\/usa\/wp-json\/wp\/v2\/product"}],"about":[{"href":"https:\/\/mojago.tv\/usa\/wp-json\/wp\/v2\/types\/product"}],"wp:featuredmedia":[{"embeddable":true,"href":"https:\/\/mojago.tv\/usa\/wp-json\/wp\/v2\/media\/8843"}],"wp:attachment":[{"href":"https:\/\/mojago.tv\/usa\/wp-json\/wp\/v2\/media?parent=8842"}],"wp:term":[{"taxonomy":"product_cat","embeddable":true,"href":"https:\/\/mojago.tv\/usa\/wp-json\/wp\/v2\/product_cat?post=8842"},{"taxonomy":"product_tag","embeddable":true,"href":"https:\/\/mojago.tv\/usa\/wp-json\/wp\/v2\/product_tag?post=8842"}],"curies":[{"name":"wp","href":"https:\/\/api.w.org\/{rel}","templated":true}]}}