{"id":9424,"date":"2024-07-23T11:30:42","date_gmt":"2024-07-23T11:30:42","guid":{"rendered":"https:\/\/mojago.tv\/usa\/?page_id=9424"},"modified":"2024-07-23T11:30:42","modified_gmt":"2024-07-23T11:30:42","slug":"video-klub-i-tv-sadrzaj","status":"publish","type":"page","link":"https:\/\/mojago.tv\/usa\/video-klub-i-tv-sadrzaj\/","title":{"rendered":"Video klub i TV sadr\u017eaj"},"content":{"rendered":"<p>[vc_row equal_height=&#8221;yes&#8221; content_placement=&#8221;top&#8221; css=&#8221;.vc_custom_1585159935846{margin-top: 70px !important;background-color: #ffffff !important;}&#8221;][vc_column css=&#8221;.vc_custom_1519362639897{margin-top: 0px !important;padding-top: 0px !important;}&#8221;][vc_custom_heading text=&#8221;U\u017eivajte U MOVE video klubu i najboljim doma\u0107im TV kanalima&#8221; font_container=&#8221;tag:h2|font_size:30px|text_align:left|line_height:40px&#8221; use_theme_fonts=&#8221;yes&#8221; css=&#8221;.vc_custom_1721333052567{margin-bottom: 15px !important;}&#8221;][vc_single_image image=&#8221;7134&#8221; img_size=&#8221;full&#8221; css=&#8221;.vc_custom_1585239866937{margin-bottom: 0px !important;}&#8221;][vc_column_text css=&#8221;.vc_custom_1635156376619{margin-top: 10px !important;margin-bottom: 0px !important;padding-top: 0px !important;padding-bottom: 0px !important;}&#8221;]<\/p>\n<h3 style=\"font-size: 22px;\"><b>\u0160ta te sve \u010deka od TV sadr\u017eaja?<\/b><\/h3>\n<h4><b>Popularni TV kanali<\/b><\/h4>\n<p><span style=\"font-weight: 400;\">Da li ste znali da na MTEL TV platformi\u00a0<\/span><b>EKSKLUZIVNO\u00a0<\/b><span style=\"font-weight: 400;\">mo\u017eete pratiti\u00a0<\/span><b>sve kanale RTS televizije, Arena Sport kanale (HR, SRB, BiH), Federalnu TV, Hayat kanale, OBN, BN TV, SUPERSTAR TV, RTRS, K1\u00a0kao i mnoge druge<\/b><span style=\"font-weight: 400;\">?<\/span><\/p>\n<p><span style=\"font-weight: 400;\">Sve najbolje kanale sa Balkana odsada mo\u017eete da gledate u Europi, ali i \u010ditavoj Americi <\/span><b>uz sliku vrhunskog kvaliteta.<\/b><\/p>\n<p><span style=\"font-weight: 400;\">U\u017eivajte u programu na vi\u0161e od <\/span><b>270 TV<\/b><span style=\"font-weight: 400;\"> kanala i <\/span><b>preko 300 radio stanica<\/b><span style=\"font-weight: 400;\">, te Video klubu sa <\/span><b>preko 250 doma\u0107ih filmova i serija<\/b> <b>u DOUBLE<\/b><span style=\"font-weight: 400;\"> ili <\/span><b>MAX <\/b><span style=\"font-weight: 400;\">paketu.\u00a0<\/span><\/p>\n<p><b>Televiziju mo\u017eete gledati na \u0161est ure\u0111aja (TV, telefon, tablet)\u00a0uz mogu\u0107nost istovremenog gledanja na do \u010dak \u010detiri ure\u0111aja<\/b><span style=\"font-weight: 400;\">. Sadr\u017eaj TV kanala mo\u017ee\u0161 premotavati\u00a0<\/span><b>do sedam dana unazad<\/b><span style=\"font-weight: 400;\">.<\/span>[\/vc_column_text][\/vc_column][\/vc_row][vc_row full_width=&#8221;stretch_row&#8221; equal_height=&#8221;yes&#8221; content_placement=&#8221;middle&#8221; css=&#8221;.vc_custom_1585811301519{margin-top: 0px !important;margin-bottom: 0px !important;padding-top: 35px !important;padding-bottom: 0px !important;background-color: #ffffff !important;}&#8221;][vc_column width=&#8221;1\/2&#8221; css=&#8221;.vc_custom_1519362557960{margin-top: 0px !important;padding-top: 0px !important;}&#8221;][vc_single_image image=&#8221;9410&#8221; img_size=&#8221;full&#8221; alignment=&#8221;center&#8221;][\/vc_column][vc_column width=&#8221;1\/2&#8221;][vc_custom_heading text=&#8221;U\u017eivajte u beskrajnoj zabavi uz najve\u0107i izbor doma\u0107ih filmova&#8221; font_container=&#8221;tag:h3|font_size:30px|text_align:left|line_height:35px&#8221; use_theme_fonts=&#8221;yes&#8221;][vc_custom_heading text=&#8221;&#8221; font_container=&#8221;tag:h3|font_size:22px|text_align:left|line_height:27px&#8221; use_theme_fonts=&#8221;yes&#8221; css=&#8221;.vc_custom_1721334152280{margin-top: 11px !important;margin-bottom: 15px !important;padding-top: 0px !important;padding-bottom: 0px !important;}&#8221;][vc_single_image image=&#8221;7134&#8221; img_size=&#8221;full&#8221; css=&#8221;.vc_custom_1585239906477{margin-bottom: 0px !important;}&#8221;][vc_column_text css=&#8221;.vc_custom_1721333433095{margin-top: 10px !important;margin-bottom: 0px !important;padding-top: 0px !important;padding-bottom: 0px !important;}&#8221;]<\/p>\n<h3><strong>Nedelja<\/strong><\/h3>\n<p><strong>Opis:<\/strong>\u00a0\u017divotna pri\u010da pjeva\u010da D\u017eeja Ramadanovskog koji je na ulici odrastao, sticao vaspitanje, nalazio prijatelje i ljubavi \u2026 Ovo je ujedno i film o nesre\u0107nom odrastanju, te\u0161kom \u017eivotu i pravom prijateljstvu \u201cmangupa sa Dor\u0107ola\u201d.\u00a0 Film prati period njegovog djetinjstva do prvog velikog koncerta.<\/p>\n<p>&nbsp;<\/p>\n<h3><strong>Toma<\/strong><\/h3>\n<p>Biografski film o slavnom pjeva\u010du narodne muzike\u00a0<strong>Tomi Zdravkovi\u0107u<\/strong>\u00a0koji bilje\u017ei sve rekorde gledanosti na Balkanu.\u00a0Novo ostvarenje Dragana Bjelogrli\u0107a\u00a0koji prikazuje same\u00a0po\u010detke legendarnog\u00a0pjeva\u010da i nikad\u00a0zaboravljenog boema Tomu Zdravkovi\u0107a,\u00a0ba\u0161 kao i vrhunac slave, njegove ljubavi koje su ga inspirisale prilikom komponovanja nekih od najve\u0107ih hitova, ba\u0161 kao i odnos sa velikim brojem prijatelja koje je imao u umjetni\u010dkom miljeu tada\u0161nje Jugoslavije.<\/p>\n<p>&nbsp;<\/p>\n<h3><strong>Ju\u017eni vetar 2 \u2013 Ubrzanje<\/strong><\/h3>\n<p>Sat i po neprekidne akcije humora i uzbu\u0111enja uz sjajnu gluma\u010dku ekipu i muzi\u010dke hitove specijalno\u00a0komponovane i izvedene od strane najve\u0107ih hip hop zvijezda na Balkanu.<br \/>\n<strong>Petar Mara\u0161<\/strong>\u00a0(<strong>Milo\u0161 Bikovi\u0107<\/strong>) je ponovo prinu\u0111en da koristi svoje vje\u0161tine sa ulice i uz pomo\u0107 svog druga\u00a0<strong>Ba\u0107e<\/strong>\u00a0(<strong>Miodrag\u00a0Radonji\u0107<\/strong>) poku\u0161ava da spasi svog\u00a0ro\u0111enog brata koji je upao u nevolju.<\/p>\n<p>Jurnjave motorima, pucnjave i \u0161okantni obrti samo su dio opasnih situacija ovog nevjerovatno uzbudljivog filmskog iskustva.<\/p>\n<p>&nbsp;<\/p>\n<h3><strong>Hotel Beograd<\/strong><\/h3>\n<p>Ovu romanti\u010dnu komediju\u00a0mo\u017eete pogledati u na\u0161oj\u00a0videoteci, prove\u0161\u0107e nas kroz niz zapleta i nespojivih svijetova povezanih silom koja pobje\u0111uje sve \u2013\u00a0<strong>ljubavlju.<\/strong><\/p>\n<p>Radnja filma smje\u0161tena je u glavnom gradu Srbije. Milo\u0161 Bikovi\u0107 tuma\u0107i bogatog nasljednika i vlasnika presti\u017enog hotela Beograd, Pavla \u2013 Pa\u0161u poznatog po burnim izlascima i raskala\u0161enom \u017eivotu. Kada se u njegov svijet\u00a0umije\u0161aju beogradska mafija, luda nevjesta, stara ljubav i neobi\u010dna familija, njegov lagodan \u017eivot pretvorit \u0107e se u avanturu u kojoj je sve mogu\u0107e.<\/p>\n<p>Film okuplja sjajnu me\u0111unarodnu ekipu, u re\u017eiji Konstantina Statskija, prema scenariju Vja\u0107eslava Zuba, Anatolija Mol\u0107anova i Vasilija Kucenka. U\u017eiva\u0107ete u glumi Ljubomira Bandovi\u0107a, Sr\u0111ana Todorovi\u0107a, Aleksandre Kuzenkine i drugih.<\/p>\n<p>Filmovi su dostupni (Pey Per View) odmah po preuzimanju i ukoliko niste na\u0161 korisnik. a mo\u017eete ih gledati\u00a0<strong>u MOVE Video Klubu.<\/strong><\/p>\n<p>Filmovi su dostupni od\u00a0trenutka aktivacije 48h (neograni\u010dan broj pregleda)[\/vc_column_text][\/vc_column][\/vc_row][vc_section full_width=&#8221;stretch_row&#8221; css=&#8221;.vc_custom_1635157126340{background-color: #f2f2f2 !important;}&#8221;][vc_row][vc_column width=&#8221;1\/2&#8221;][vc_column_text css=&#8221;.vc_custom_1635157035769{margin-top: 10px !important;margin-bottom: 0px !important;padding-top: 0px !important;padding-bottom: 0px !important;}&#8221;]<\/p>\n<h4><span style=\"font-weight: 400;\">Najgledaniji rijaliti u regionu <\/span><b>Zadruga 5<\/b><span style=\"font-weight: 400;\"> u produkciji <\/span><b>PINK TV<\/b><span style=\"font-weight: 400;\">-a mo\u017eete pratiti u\u017eivo na specijalnim kanalima koji su namijenjeni isklju\u010divo za gledanje Zadruge &#8211; 24h, 7 dana u nedjelji, bez prekida. <\/span><\/h4>\n<h4><span style=\"font-weight: 400;\">Saznajte prvi doga\u0111aje iz Zadruge i pratite svoje favorite.<\/span><\/h4>\n<p>[\/vc_column_text][\/vc_column][vc_column width=&#8221;1\/2&#8221;][vc_single_image image=&#8221;8791&#8221; img_size=&#8221;full&#8221; alignment=&#8221;center&#8221;][\/vc_column][\/vc_row][\/vc_section][vc_section full_width=&#8221;stretch_row&#8221; css=&#8221;.vc_custom_1635157240003{background-color: #f2f2f2 !important;}&#8221;][vc_row][vc_column][vc_custom_heading text=&#8221;Ne propusti najbolje od doma\u0107eg sporta!&#8221; font_container=&#8221;tag:h3|font_size:30px|text_align:left|line_height:35px&#8221; use_theme_fonts=&#8221;yes&#8221;][vc_single_image image=&#8221;7134&#8221; img_size=&#8221;full&#8221; css=&#8221;.vc_custom_1585239906477{margin-bottom: 0px !important;}&#8221;][\/vc_column][\/vc_row][vc_row][vc_column width=&#8221;1\/2&#8221;][vc_column_text css=&#8221;.vc_custom_1635157311267{margin-top: 10px !important;margin-bottom: 0px !important;padding-top: 0px !important;padding-bottom: 0px !important;}&#8221;]<span style=\"font-weight: 400;\">AMO na <\/span><b>Arena sport\u00a0kanalima<\/b><span style=\"font-weight: 400;\"> pratite najve\u0107e derbije <\/span><b>srpske, hrvatske i bosanske lige<\/b><span style=\"font-weight: 400;\">.<\/span><\/p>\n<p><span style=\"font-weight: 400;\">Za ko\u0161arka\u0161ke sladokusce nudimo utakmice ABA lige. <\/span>[\/vc_column_text][\/vc_column][vc_column width=&#8221;1\/2&#8221;][vc_single_image image=&#8221;8795&#8221; img_size=&#8221;full&#8221; el_class=&#8221;arena-img&#8221;][\/vc_column][\/vc_row][\/vc_section][vc_section full_width=&#8221;stretch_row&#8221;][vc_row][vc_column width=&#8221;1\/2&#8221;][vc_single_image image=&#8221;8796&#8221; img_size=&#8221;full&#8221;][\/vc_column][vc_column width=&#8221;1\/2&#8221;][vc_custom_heading text=&#8221;Prati najnovije doma\u0107e serije&#8221; font_container=&#8221;tag:h3|font_size:30px|text_align:left|line_height:35px&#8221; use_theme_fonts=&#8221;yes&#8221;][vc_single_image image=&#8221;7134&#8221; img_size=&#8221;full&#8221; css=&#8221;.vc_custom_1585239906477{margin-bottom: 0px !important;}&#8221;][vc_column_text css=&#8221;.vc_custom_1721333992834{margin-top: 10px !important;margin-bottom: 0px !important;padding-top: 0px !important;padding-bottom: 0px !important;}&#8221;]<span style=\"font-weight: 400;\">Ne propusti svoje omiljene serije i u\u017eivaj u najboljim sadr\u017eajima na svom TV-u.<\/span><\/p>\n<p><b>Otkrijvamo ti najnovije doma\u0107e serijske poslastice: serija Toma, Ubice mog oca, PAD, Pjeva\u010dica, 12 re\u010di.\u00a0<\/b>[\/vc_column_text][\/vc_column][\/vc_row][vc_row css=&#8221;.vc_custom_1635157661144{margin-top: 0px !important;padding-top: 0px !important;}&#8221;][vc_column css=&#8221;.vc_custom_1635157653044{margin-top: 0px !important;margin-bottom: 0px !important;padding-top: 0px !important;padding-bottom: 0px !important;}&#8221;][vc_column_text css=&#8221;.vc_custom_1721334010175{margin-top: 10px !important;margin-bottom: 0px !important;padding-top: 0px !important;padding-bottom: 0px !important;}&#8221;]Tu su jo\u0161 dobro poznate serije u MOVE Video klubu koji je dostupan u<b> DOUBLE<\/b>\u00a0ili<b>\u00a0MAX paketu<\/b>:\u00a0<b>Dr\u017eavni posao, Ljubavni zalogaji, Felix, Hotel Balkan, \u0160vindleri, Dug moru, Dr\u017eavni slu\u017ebenik, Dobro jutro kom\u0161ija, 12 re\u010di, Tate, Tajkun, Igra sudbine<\/b>\u00a0i mnoge druge.[\/vc_column_text][\/vc_column][\/vc_row][\/vc_section][vc_section full_width=&#8221;stretch_row&#8221; css=&#8221;.vc_custom_1635157865705{padding-top: 50px !important;}&#8221;][vc_row][vc_column width=&#8221;1\/2&#8221;][vc_custom_heading text=&#8221;Gledajte propu\u0161teni sadr\u017eaj do 7 dana unazad!&#8221; font_container=&#8221;tag:h3|font_size:30px|text_align:left|line_height:35px&#8221; use_theme_fonts=&#8221;yes&#8221;][vc_single_image image=&#8221;7134&#8221; img_size=&#8221;full&#8221; css=&#8221;.vc_custom_1585239906477{margin-bottom: 0px !important;}&#8221;][vc_column_text css=&#8221;.vc_custom_1635157704933{margin-top: 10px !important;margin-bottom: 0px !important;padding-top: 0px !important;padding-bottom: 0px !important;}&#8221;]<span style=\"font-weight: 400;\">Ne morate vi\u0161e \u017euriti ku\u0107i na novu epizodu, utakmicu, film ili dnevnik. Svoje omiljene sadr\u017eaje mo\u017eete da\u00a0gledate kada god vama odgovara. Koristite interaktivni vodi\u010d, saznajte sve \u0161to je na rasporedu i kreirajte listu svojih omiljenih kanala.\u00a0<\/span><\/p>\n<p><span style=\"font-weight: 400;\">Aktivirajte uslugu na 6 ure\u0111aja, gledajte istovremeno na 1, 2 ili 4 ure\u0111aja i vra\u0107ajte emitovan sadr\u017eaj do 7 dana unazad.<\/span>[\/vc_column_text][\/vc_column][vc_column width=&#8221;1\/2&#8221;][vc_single_image image=&#8221;9413&#8221; img_size=&#8221;full&#8221;][\/vc_column][\/vc_row][\/vc_section][vc_row full_width=&#8221;stretch_row&#8221; equal_height=&#8221;yes&#8221; content_placement=&#8221;top&#8221; css=&#8221;.vc_custom_1635339440479{margin-top: 40px !important;margin-bottom: 0px !important;padding-top: 70px !important;padding-bottom: 40px !important;background-image: url(https:\/\/mojago.tv\/usa\/wp-content\/uploads\/2020\/03\/layout.png?id=7153) !important;background-position: center !important;background-repeat: no-repeat !important;background-size: cover !important;}&#8221;][vc_column width=&#8221;3\/4&#8221; css=&#8221;.vc_custom_1518760412281{margin-top: 0px !important;margin-bottom: 0px !important;padding-top: 0px !important;padding-bottom: 0px !important;}&#8221;][vc_column_text]<\/p>\n<p class=\"txt-cta\"><strong>Ne \u010dekajte! Postanite na\u0161 korisnik \u010dim prije i pratite najbolji TV sadr\u017eaj!<\/strong><br \/>\nI SVE TO LEGALNO, POUZDANO I BEZ BRIGE!<br \/>\nSve ostale informacije mo\u017eete dobiti putem na\u0161eg Kontakt centra:: <a class=\"btn-phone\" href=\"tel:0017735985800\">+1 773 598 5800<\/a><\/p>\n<p>[\/vc_column_text][\/vc_column][vc_column width=&#8221;1\/4&#8221; css=&#8221;.vc_custom_1518760815988{margin-top: 0px !important;margin-bottom: 0px !important;padding-top: 0px !important;padding-bottom: 0px !important;}&#8221;]\r<!-- rt-button2 -->\r<div class=\"rt-button2 element-two hover-style-one ex39e0652b82a8d73  button-custom\"  data-button-direction=\"center\" data-button-fullwidth=\"false\" ><a style=\" color: #252525; line-height: 26px; font-size: 13px;\" class=\"rt-button2-main  vc_custom_1635339428152\" href=\"https:\/\/mojago.tv\/usa\/probaj-besplatno\/\"  title=\"Preuzmi besplatno\" target=\"_self\"><div class=\"overlay\"><\/div><div class=\"placeholder\">PROBAJ BESPLATNO<\/div><\/a><\/div>\r<!-- rt-button2 -->\r\r<!-- rt-button2 -->\r<div class=\"rt-button2 element-two hover-style-one exc33270722fae929  button-custom2\"  data-button-direction=\"center\" data-button-fullwidth=\"false\" ><a style=\" color: #252525; line-height: 26px; font-size: 13px;\" class=\"rt-button2-main  vc_custom_1635337944900\" href=\"https:\/\/mojago.tv\/usa\/paketi\/\"  title=\"Preuzmi besplatno\" target=\"_self\"><div class=\"overlay\"><\/div><div class=\"placeholder\">NARU\u010cI SADA<\/div><\/a><\/div>\r<!-- rt-button2 -->\r[\/vc_column][\/vc_row]<\/p>\n","protected":false},"excerpt":{"rendered":"<p>[vc_row equal_height=&#8221;yes&#8221; content_placement=&#8221;top&#8221; css=&#8221;.vc_custom_1585159935846{margin-top: 70px !important;background-color: #ffffff !important;}&#8221;][vc_column css=&#8221;.vc_custom_1519362639897{margin-top: 0px !important;padding-top: 0px !important;}&#8221;][vc_custom_heading text=&#8221;U\u017eivajte U MOVE video klubu i najboljim doma\u0107im TV kanalima&#8221; font_container=&#8221;tag:h2|font_size:30px|text_align:left|line_height:40px&#8221; use_theme_fonts=&#8221;yes&#8221; css=&#8221;.vc_custom_1721333052567{margin-bottom: 15px !important;}&#8221;][vc_single_image image=&#8221;7134&#8221; img_size=&#8221;full&#8221; css=&#8221;.vc_custom_1585239866937{margin-bottom: 0px !important;}&#8221;][vc_column_text css=&#8221;.vc_custom_1635156376619{margin-top: 10px !important;margin-bottom: 0px !important;padding-top: 0px !important;padding-bottom: 0px !important;}&#8221;] \u0160ta te sve \u010deka od TV sadr\u017eaja? Popularni TV kanali Da li ste [&hellip;]<\/p>\n","protected":false},"author":1,"featured_media":7459,"parent":0,"menu_order":0,"comment_status":"closed","ping_status":"closed","template":"","meta":{"footnotes":""},"aioseo_notices":[],"_links":{"self":[{"href":"https:\/\/mojago.tv\/usa\/wp-json\/wp\/v2\/pages\/9424"}],"collection":[{"href":"https:\/\/mojago.tv\/usa\/wp-json\/wp\/v2\/pages"}],"about":[{"href":"https:\/\/mojago.tv\/usa\/wp-json\/wp\/v2\/types\/page"}],"author":[{"embeddable":true,"href":"https:\/\/mojago.tv\/usa\/wp-json\/wp\/v2\/users\/1"}],"replies":[{"embeddable":true,"href":"https:\/\/mojago.tv\/usa\/wp-json\/wp\/v2\/comments?post=9424"}],"version-history":[{"count":1,"href":"https:\/\/mojago.tv\/usa\/wp-json\/wp\/v2\/pages\/9424\/revisions"}],"predecessor-version":[{"id":9425,"href":"https:\/\/mojago.tv\/usa\/wp-json\/wp\/v2\/pages\/9424\/revisions\/9425"}],"wp:featuredmedia":[{"embeddable":true,"href":"https:\/\/mojago.tv\/usa\/wp-json\/wp\/v2\/media\/7459"}],"wp:attachment":[{"href":"https:\/\/mojago.tv\/usa\/wp-json\/wp\/v2\/media?parent=9424"}],"curies":[{"name":"wp","href":"https:\/\/api.w.org\/{rel}","templated":true}]}}