{"id":7773,"date":"2020-08-13T10:18:04","date_gmt":"2020-08-13T10:18:04","guid":{"rendered":"https:\/\/mojago.tv\/usa\/?page_id=7773"},"modified":"2024-07-24T08:44:15","modified_gmt":"2024-07-24T08:44:15","slug":"try-for-free","status":"publish","type":"page","link":"https:\/\/mojago.tv\/usa\/en\/try-for-free\/","title":{"rendered":"Try for free"},"content":{"rendered":"<p>[vc_row full_width=&#8221;stretch_row&#8221; gap=&#8221;20&#8221; css_animation=&#8221;none&#8221; css=&#8221;.vc_custom_1585158123503{margin-top: 70px !important;margin-bottom: 70px !important;background-color: #ffffff !important;}&#8221;][vc_column css_animation=&#8221;none&#8221; width=&#8221;2\/3&#8221; css=&#8221;.vc_custom_1693392874142{margin-left: 0px !important;padding-top: 0px !important;padding-right: 15px !important;padding-bottom: 0px !important;padding-left: 15px !important;background-color: #f4f5f6 !important;}&#8221;][vc_row_inner css=&#8221;.vc_custom_1585240993332{margin-top: 0px !important;margin-right: 0px !important;margin-bottom: 0px !important;margin-left: 0px !important;padding-top: 45px !important;padding-right: 45px !important;padding-left: 45px !important;background-color: #f4f5f6 !important;}&#8221;][vc_column_inner css=&#8221;.vc_custom_1585231317852{padding-top: 0px !important;}&#8221;][\/vc_column_inner][\/vc_row_inner][vc_row_inner css=&#8221;.vc_custom_1585241023410{margin-top: 0px !important;margin-right: 0px !important;margin-bottom: 0px !important;margin-left: 0px !important;padding-top: 0px !important;padding-right: 45px !important;padding-bottom: 45px !important;padding-left: 45px !important;background-color: #f4f5f6 !important;}&#8221;][vc_column_inner width=&#8221;1\/2&#8221; css=&#8221;.vc_custom_1585241082319{padding-top: 0px !important;}&#8221;][vc_custom_heading text=&#8221;Watch legal TV channels<br \/>\nDownload MOVE, which gives you a new TV viewing experience!<br \/>\n&#8221; font_container=&#8221;tag:h3|font_size:30px|text_align:left|line_height:45px&#8221; use_theme_fonts=&#8221;yes&#8221; css_animation=&#8221;none&#8221; css=&#8221;.vc_custom_1721810653469{margin-bottom: 15px !important;padding-top: 0px !important;padding-bottom: 0px !important;}&#8221;][vc_single_image image=&#8221;7134&#8221; img_size=&#8221;full&#8221; css=&#8221;.vc_custom_1585240243139{margin-bottom: 0px !important;}&#8221;][vc_custom_heading text=&#8221;&#8221; font_container=&#8221;tag:p|font_size:20px|text_align:left&#8221; use_theme_fonts=&#8221;yes&#8221; css_animation=&#8221;none&#8221; css=&#8221;.vc_custom_1616355001468{margin-top: 0px !important;margin-bottom: 30px !important;}&#8221;][vc_column_text]<\/p>\n<p style=\"text-align: justify;\"><strong>Do you want to watch more than 250 EX YU channels, all of it completely LEGAL, RELIABLE AND RISK-FREE?\u00a0<\/strong><\/p>\n<p style=\"text-align: justify;\">All you have to do is fill out an online form or contact us on:<a href=\"tel:0017735985800\"><strong> +1 773 598 5800<\/strong><\/a><\/p>\n<p style=\"text-align: justify;\">After filling out the form, in the shortest period of time, you will receive a Username and Password on your email or phone, which you can then use to sign in to the app.<\/p>\n<p>Enjoy your favourite TV content on a SMART TV (SAMSUNG and LG), APPLE TV, mobile phone or tablet.[\/vc_column_text][\/vc_column_inner][vc_column_inner width=&#8221;1\/2&#8221; css=&#8221;.vc_custom_1585231317852{padding-top: 0px !important;}&#8221;]\r<!-- rt-cf7 -->\r<div class=\"radiant-contact-form rt1b3119d9c914fcb element-one \"  >\n<div class=\"wpcf7 no-js\" id=\"wpcf7-f7775-o1\" lang=\"en-US\" dir=\"ltr\">\n<div class=\"screen-reader-response\"><p role=\"status\" aria-live=\"polite\" aria-atomic=\"true\"><\/p> <ul><\/ul><\/div>\n<form action=\"\/usa\/wp-json\/wp\/v2\/pages\/7773#wpcf7-f7775-o1\" method=\"post\" class=\"wpcf7-form init\" aria-label=\"Contact form\" novalidate=\"novalidate\" data-status=\"init\">\n<div style=\"display: none;\">\n<input type=\"hidden\" name=\"_wpcf7\" value=\"7775\" \/>\n<input type=\"hidden\" name=\"_wpcf7_version\" value=\"5.8.6\" \/>\n<input type=\"hidden\" name=\"_wpcf7_locale\" value=\"en_US\" \/>\n<input type=\"hidden\" name=\"_wpcf7_unit_tag\" value=\"wpcf7-f7775-o1\" \/>\n<input type=\"hidden\" name=\"_wpcf7_container_post\" value=\"0\" \/>\n<input type=\"hidden\" name=\"_wpcf7_posted_data_hash\" value=\"\" \/>\n<input type=\"hidden\" name=\"_wpcf7_recaptcha_response\" value=\"\" \/>\n<\/div>\n<div class=\"row\">\n\t<div class=\"col-lg-12 col-md-12 col-sm-12 col-xs-12\">\n\t\t<div class=\"form-row\">\n\t\t\t<p><span class=\"wpcf7-form-control-wrap\" data-name=\"Name\"><input size=\"40\" class=\"wpcf7-form-control wpcf7-text wpcf7-validates-as-required\" aria-required=\"true\" aria-invalid=\"false\" placeholder=\"Name and Surname:\" value=\"\" type=\"text\" name=\"Name\" \/><\/span>\n\t\t\t<\/p>\n\t\t<\/div>\n\t\t<div class=\"form-row\">\n\t\t\t<p><span class=\"wpcf7-form-control-wrap\" data-name=\"tel\"><input size=\"40\" class=\"wpcf7-form-control wpcf7-tel wpcf7-validates-as-required wpcf7-text wpcf7-validates-as-tel\" aria-required=\"true\" aria-invalid=\"false\" placeholder=\"Phone: +xxxxxxxxxxxx\" value=\"\" type=\"tel\" name=\"tel\" \/><\/span>\n\t\t\t<\/p>\n\t\t<\/div>\n\t\t<div class=\"form-row\">\n\t\t\t<p><span class=\"wpcf7-form-control-wrap\" data-name=\"grad\"><input size=\"40\" class=\"wpcf7-form-control wpcf7-text wpcf7-validates-as-required\" aria-required=\"true\" aria-invalid=\"false\" placeholder=\"City:\" value=\"\" type=\"text\" name=\"grad\" \/><\/span>\n\t\t\t<\/p>\n\t\t<\/div>\n\t\t<div class=\"form-row\">\n\t\t\t<p><span class=\"wpcf7-form-control-wrap\" data-name=\"emailunen\"><input size=\"40\" class=\"wpcf7-form-control wpcf7-email wpcf7-validates-as-required wpcf7-text wpcf7-validates-as-email\" aria-required=\"true\" aria-invalid=\"false\" placeholder=\"E-mail:\" value=\"\" type=\"email\" name=\"emailunen\" \/><\/span>\n\t\t\t<\/p>\n\t\t<\/div>\n\t\t<div class=\"form-row\">\n\t\t\t<p><label>Choose the device on which you want to download the app:<\/label><br \/>\n<span class=\"wpcf7-form-control-wrap\" data-name=\"radio-522\"><span class=\"wpcf7-form-control wpcf7-radio\"><span class=\"wpcf7-list-item first\"><input type=\"radio\" name=\"radio-522\" value=\"SMART TV\" checked=\"checked\" \/><span class=\"wpcf7-list-item-label\">SMART TV<\/span><\/span><span class=\"wpcf7-list-item last\"><input type=\"radio\" name=\"radio-522\" value=\"Mobile\" \/><span class=\"wpcf7-list-item-label\">Mobile<\/span><\/span><\/span><\/span>\n\t\t\t<\/p>\n\t\t<\/div>\n\t<\/div>\n\t<div class=\"col-lg-12 col-md-12 col-sm-12 col-xs-12\">\n\t\t<div class=\"form-row \">\n\t\t\t<p><label><span class=\"wpcf7-form-control-wrap\" data-name=\"checkbox-778\"><span class=\"wpcf7-form-control wpcf7-checkbox\"><span class=\"wpcf7-list-item first last\"><input type=\"checkbox\" name=\"checkbox-778[]\" value=\"\" \/><span class=\"wpcf7-list-item-label\"><\/span><\/span><\/span><\/span> I agree that my personal information are used, processed and archived by Moja GO TV. <a href=\"https:\/\/mojago.tv\/usa\/pravila-zastite-osobnih-podataka\/\" target=\"_blank\">See more on Personal data protection rules.<\/a><br \/>\n<\/label>\n\t\t\t<\/p>\n\t\t<\/div>\n\t<\/div>\n\t<div class=\"col-lg-8 col-md-8 col-sm-12 col-xs-12\">\n\t\t<div class=\"form-row last button text-center\">\n\t\t\t<p><input class=\"wpcf7-form-control wpcf7-submit has-spinner custom-btn-submit2\" type=\"submit\" value=\"Send\" \/>\n\t\t\t<\/p>\n\t\t<\/div>\n\t<\/div>\n\t<div class=\"col-lg-2 col-md-2 col-sm-12 col-xs-12\">\n\t<\/div>\n<\/div><div class=\"wpcf7-response-output\" aria-hidden=\"true\"><\/div>\n<\/form>\n<\/div>\n<\/div>\r<!-- rt-cf7 -->\r[\/vc_column_inner][\/vc_row_inner]\r<!-- rt-cf7 -->\r<div class=\"radiant-contact-form rt008760aab095bfa element-one  vc_custom_1666954128716\"  >\n<div class=\"wpcf7 no-js\" id=\"wpcf7-f9214-o2\" lang=\"bs-BA\" dir=\"ltr\">\n<div class=\"screen-reader-response\"><p role=\"status\" aria-live=\"polite\" aria-atomic=\"true\"><\/p> <ul><\/ul><\/div>\n<form action=\"\/usa\/wp-json\/wp\/v2\/pages\/7773#wpcf7-f9214-o2\" method=\"post\" class=\"wpcf7-form init\" aria-label=\"Kontakt obrazac\" novalidate=\"novalidate\" data-status=\"init\">\n<div style=\"display: none;\">\n<input type=\"hidden\" name=\"_wpcf7\" value=\"9214\" \/>\n<input type=\"hidden\" name=\"_wpcf7_version\" value=\"5.8.6\" \/>\n<input type=\"hidden\" name=\"_wpcf7_locale\" value=\"bs_BA\" \/>\n<input type=\"hidden\" name=\"_wpcf7_unit_tag\" value=\"wpcf7-f9214-o2\" \/>\n<input type=\"hidden\" name=\"_wpcf7_container_post\" value=\"0\" \/>\n<input type=\"hidden\" name=\"_wpcf7_posted_data_hash\" value=\"\" \/>\n<input type=\"hidden\" name=\"_wpcf7_recaptcha_response\" value=\"\" \/>\n<\/div>\n<div class=\"row\">\n\t<div class=\"col-lg-12 col-md-12 col-sm-12 col-xs-12\">\n\t\t<h5>You were recommended by a friend?\n\t\t<\/h5>\n\t\t<p>Please enter his <b>name and surname or email<\/b>, so that he could participate in the game.\n\t\t<\/p>\n\t\t<div class=\"form-row\">\n\t\t\t<p><span class=\"wpcf7-form-control-wrap\" data-name=\"Name\"><input size=\"40\" class=\"wpcf7-form-control wpcf7-text\" aria-invalid=\"false\" placeholder=\"Name and surname:\" value=\"\" type=\"text\" name=\"Name\" \/><\/span>\n\t\t\t<\/p>\n\t\t<\/div>\n\t\t<div class=\"form-row\" style=\"text-align:center;\">\n\t\t\t<p>or\n\t\t\t<\/p>\n\t\t<\/div>\n\t\t<div class=\"form-row\">\n\t\t\t<p><span class=\"wpcf7-form-control-wrap\" data-name=\"emailun\"><input size=\"40\" class=\"wpcf7-form-control wpcf7-email wpcf7-text wpcf7-validates-as-email\" aria-invalid=\"false\" placeholder=\"E-mail:\" value=\"\" type=\"email\" name=\"emailun\" \/><\/span>\n\t\t\t<\/p>\n\t\t<\/div>\n\t<\/div>\n\t<div class=\"col-lg-12 col-md-12 col-sm-12 col-xs-12\">\n\t\t<h6>The more friends you refer, the more chances you have to win valuable prizes.\n\t\t<\/h6>\n\t<\/div>\n\t<div class=\"col-lg-8 col-md-8 col-sm-12 col-xs-12 btn-preporuka\">\n\t\t<div class=\"form-row last button text-center\">\n\t\t\t<p><input class=\"wpcf7-form-control wpcf7-submit has-spinner custom-btn-submit2\" type=\"submit\" value=\"Send\" \/>\n\t\t\t<\/p>\n\t\t<\/div>\n\t<\/div>\n\t<div class=\"col-lg-2 col-md-2 col-sm-12 col-xs-12\">\n\t<\/div>\n<\/div><div class=\"wpcf7-response-output\" aria-hidden=\"true\"><\/div>\n<\/form>\n<\/div>\n<\/div>\r<!-- rt-cf7 -->\r\r<!-- rt-button2 -->\r<div class=\"rt-button2 element-two hover-style-one ex92c08c543f04699  button-custom btn-nagradna\"  data-button-direction=\"center\" data-button-fullwidth=\"false\" ><a style=\" color: #0a0a0a; line-height: 26px; font-size: 13px;\" class=\"rt-button2-main  vc_custom_1666954423380\" href=\"https:\/\/mojago.tv\/usa\/en\/giveaway\/\"  title=\"\" target=\" _blank\"><div class=\"overlay\"><\/div><div class=\"placeholder\">LEARN MORE ABOUT THE GIVEAWAY HERE<\/div><\/a><\/div>\r<!-- rt-button2 -->\r[\/vc_column][vc_column width=&#8221;1\/3&#8221; css=&#8221;.vc_custom_1693392918547{margin-top: 0px !important;margin-bottom: 0px !important;padding-top: 20px !important;padding-right: 20px !important;padding-left: 20px !important;background-color: #f4f5f6 !important;}&#8221;][vc_custom_heading text=&#8221;Try the DOUBLE PACKAGE<br \/>\n(with a free trial)<br \/>\n30 days&#8221; font_container=&#8221;tag:h3|font_size:20px|text_align:center|line_height:25px&#8221; use_theme_fonts=&#8221;yes&#8221;][vc_column_text]<\/p>\n<p style=\"text-align: center;\">After the free period expires, the subscription automatically renews on a monthly basis. You can cancel the subscription at any time. To remind you, you will receive an email 7 days in advance.<\/p>\n<p>[\/vc_column_text]\r<!-- rt-cf7 -->\r<div class=\"radiant-contact-form rt303e211e6b3e625 element-one \"  >\n<div class=\"wpcf7 no-js\" id=\"wpcf7-f9255-o3\" lang=\"en-US\" dir=\"ltr\">\n<div class=\"screen-reader-response\"><p role=\"status\" aria-live=\"polite\" aria-atomic=\"true\"><\/p> <ul><\/ul><\/div>\n<form action=\"\/usa\/wp-json\/wp\/v2\/pages\/7773#wpcf7-f9255-o3\" method=\"post\" class=\"wpcf7-form init\" aria-label=\"Contact form\" novalidate=\"novalidate\" data-status=\"init\">\n<div style=\"display: none;\">\n<input type=\"hidden\" name=\"_wpcf7\" value=\"9255\" \/>\n<input type=\"hidden\" name=\"_wpcf7_version\" value=\"5.8.6\" \/>\n<input type=\"hidden\" name=\"_wpcf7_locale\" value=\"en_US\" \/>\n<input type=\"hidden\" name=\"_wpcf7_unit_tag\" value=\"wpcf7-f9255-o3\" \/>\n<input type=\"hidden\" name=\"_wpcf7_container_post\" value=\"0\" \/>\n<input type=\"hidden\" name=\"_wpcf7_posted_data_hash\" value=\"\" \/>\n<input type=\"hidden\" name=\"_wpcf7_recaptcha_response\" value=\"\" \/>\n<\/div>\n<div class=\"row\">\n\t<div class=\"col-lg-12 col-md-12 col-sm-12 col-xs-12\">\n\t\t<div class=\"form-row\">\n\t\t\t<p><span class=\"wpcf7-form-control-wrap\" data-name=\"country\"><select class=\"wpcf7-form-control wpcf7-select wpcf7-validates-as-required\" aria-required=\"true\" aria-invalid=\"false\" name=\"country\"><option value=\"USA\">USA<\/option><option value=\"Canada\">Canada<\/option><option value=\"Australija\">Australija<\/option><\/select><\/span>\n\t\t\t<\/p>\n\t\t<\/div>\n\t<\/div>\n\t<div class=\"col-lg-12 col-md-12 col-sm-12 col-xs-12\">\n\t\t<div class=\"form-row \">\n\t\t\t<p><label><span class=\"wpcf7-form-control-wrap\" data-name=\"checkbox-778\"><span class=\"wpcf7-form-control wpcf7-checkbox\"><span class=\"wpcf7-list-item first last\"><input type=\"checkbox\" name=\"checkbox-778[]\" value=\"\" \/><span class=\"wpcf7-list-item-label\"><\/span><\/span><\/span><\/span> Saglasan sam da se moji li\u010dni podaci koriste, obra\u0111uju i pohranjuju od strane Moja GO TV. Vi\u0161e na <a href=\"https:\/\/mojago.tv\/usa\/pravila-zastite-osobnih-podataka\/\" target=\"_blank\"> Pravila za\u0161tite osobnih podataka.<\/a><\/label><br \/>\n<input class=\"wpcf7-form-control wpcf7-submit has-spinner custom-btn-submit2\" type=\"submit\" value=\"Sign up\" \/>\n\t\t\t<\/p>\n\t\t<\/div>\n\t<\/div>\n\t<div class=\"col-lg-8 col-md-8 col-sm-12 col-xs-12\">\n\t\t<div class=\"form-row last button text-center\">\n\t\t<\/div>\n\t<\/div>\n\t<div class=\"col-lg-2 col-md-2 col-sm-12 col-xs-12\">\n\t<\/div>\n<\/div><div class=\"wpcf7-response-output\" aria-hidden=\"true\"><\/div>\n<\/form>\n<\/div>\n<\/div>\r<!-- rt-cf7 -->\r[vc_empty_space height=&#8221;15px&#8221;][vc_single_image image=&#8221;8650&#8221; img_size=&#8221;full&#8221; alignment=&#8221;center&#8221; onclick=&#8221;custom_link&#8221; el_class=&#8221;box-shadow&#8221; css=&#8221;.vc_custom_1618955131333{padding-right: 0px !important;padding-left: 0px !important;}&#8221;][\/vc_column][\/vc_row]<\/p>\n","protected":false},"excerpt":{"rendered":"<p>[vc_row full_width=&#8221;stretch_row&#8221; gap=&#8221;20&#8221; css_animation=&#8221;none&#8221; css=&#8221;.vc_custom_1585158123503{margin-top: 70px !important;margin-bottom: 70px !important;background-color: #ffffff !important;}&#8221;][vc_column css_animation=&#8221;none&#8221; width=&#8221;2\/3&#8221; css=&#8221;.vc_custom_1693392874142{margin-left: 0px !important;padding-top: 0px !important;padding-right: 15px !important;padding-bottom: 0px !important;padding-left: 15px !important;background-color: #f4f5f6 !important;}&#8221;][vc_row_inner css=&#8221;.vc_custom_1585240993332{margin-top: 0px !important;margin-right: 0px !important;margin-bottom: 0px !important;margin-left: 0px !important;padding-top: 45px !important;padding-right: 45px !important;padding-left: 45px !important;background-color: #f4f5f6 !important;}&#8221;][vc_column_inner css=&#8221;.vc_custom_1585231317852{padding-top: 0px !important;}&#8221;][\/vc_column_inner][\/vc_row_inner][vc_row_inner css=&#8221;.vc_custom_1585241023410{margin-top: 0px !important;margin-right: 0px !important;margin-bottom: 0px !important;margin-left: 0px !important;padding-top: [&hellip;]<\/p>\n","protected":false},"author":1,"featured_media":0,"parent":0,"menu_order":0,"comment_status":"closed","ping_status":"closed","template":"","meta":{"footnotes":""},"aioseo_notices":[],"_links":{"self":[{"href":"https:\/\/mojago.tv\/usa\/wp-json\/wp\/v2\/pages\/7773"}],"collection":[{"href":"https:\/\/mojago.tv\/usa\/wp-json\/wp\/v2\/pages"}],"about":[{"href":"https:\/\/mojago.tv\/usa\/wp-json\/wp\/v2\/types\/page"}],"author":[{"embeddable":true,"href":"https:\/\/mojago.tv\/usa\/wp-json\/wp\/v2\/users\/1"}],"replies":[{"embeddable":true,"href":"https:\/\/mojago.tv\/usa\/wp-json\/wp\/v2\/comments?post=7773"}],"version-history":[{"count":23,"href":"https:\/\/mojago.tv\/usa\/wp-json\/wp\/v2\/pages\/7773\/revisions"}],"predecessor-version":[{"id":9460,"href":"https:\/\/mojago.tv\/usa\/wp-json\/wp\/v2\/pages\/7773\/revisions\/9460"}],"wp:attachment":[{"href":"https:\/\/mojago.tv\/usa\/wp-json\/wp\/v2\/media?parent=7773"}],"curies":[{"name":"wp","href":"https:\/\/api.w.org\/{rel}","templated":true}]}}