{"id":7217,"date":"2020-03-29T18:59:14","date_gmt":"2020-03-29T18:59:14","guid":{"rendered":"https:\/\/mojago.tv\/usa\/?page_id=7217"},"modified":"2025-11-06T21:56:21","modified_gmt":"2025-11-06T21:56:21","slug":"novo-u-ponudi","status":"publish","type":"page","link":"https:\/\/mojago.tv\/usa\/novo-u-ponudi\/","title":{"rendered":"Novo u ponudi"},"content":{"rendered":"<p>[vc_row full_width=&#8221;stretch_row&#8221; gap=&#8221;20&#8221; css_animation=&#8221;none&#8221; css=&#8221;.vc_custom_1762242182645{margin-top: 70px !important;margin-bottom: 70px !important;}&#8221;][vc_column css_animation=&#8221;none&#8221; width=&#8221;3\/4&#8221; css=&#8221;.vc_custom_1585505707912{margin-left: 0px !important;padding-top: 0px !important;padding-bottom: 0px !important;}&#8221;][vc_custom_heading text=&#8221;CRNI PETAK PRIJE CRNOG PETKA&#8221; font_container=&#8221;tag:h2|font_size:28px|text_align:left|line_height:27px&#8221; use_theme_fonts=&#8221;yes&#8221; css=&#8221;.vc_custom_1762464826875{margin-top: 0px !important;margin-bottom: 15px !important;padding-top: 0px !important;}&#8221;][vc_single_image image=&#8221;7134&#8221; img_size=&#8221;full&#8221; css=&#8221;.vc_custom_1585507114941{margin-bottom: 0px !important;}&#8221;][vc_custom_heading text=&#8221;Dovedi 3 korisnika \u2013 osvoji GODI\u0160NJU pretplatu GRATIS!<\/p>\n<p>Black Friday na MOVE aplikaciji po\u010dinje ranije!<br \/>\nIskoristi ekskluzivnu ponudu prije nego \u0161to pravi Crni petak uop\u0161te zapo\u010dne.&#8221; font_container=&#8221;tag:h2|font_size:22px|text_align:left|line_height:27px&#8221; use_theme_fonts=&#8221;yes&#8221; css=&#8221;.vc_custom_1762464853323{margin-top: 0px !important;margin-bottom: 15px !important;padding-top: 0px !important;}&#8221;][vc_column_text]<\/p>\n<h2 data-start=\"369\" data-end=\"413\"><strong data-start=\"372\" data-end=\"413\">Kako do besplatne godi\u0161nje pretplate?<\/strong><\/h2>\n<p data-start=\"414\" data-end=\"431\">Vrlo jednostavno:<\/p>\n<ul data-start=\"433\" data-end=\"593\">\n<li data-start=\"433\" data-end=\"485\">\n<p data-start=\"435\" data-end=\"485\">Dovedi <strong data-start=\"444\" data-end=\"464\">3 nova korisnika<\/strong> na MOVE aplikaciju<\/p>\n<\/li>\n<li data-start=\"486\" data-end=\"536\">\n<p data-start=\"488\" data-end=\"536\">Svaki od njih treba uzeti <strong data-start=\"516\" data-end=\"534\">godi\u0161nji paket<\/strong><\/p>\n<\/li>\n<li data-start=\"537\" data-end=\"593\">\n<p data-start=\"539\" data-end=\"593\">Ti dobija\u0161 <strong data-start=\"552\" data-end=\"593\">godi\u0161nju pretplatu potpuno BESPLATNO!<\/strong><\/p>\n<\/li>\n<\/ul>\n<hr data-start=\"595\" data-end=\"598\" \/>\n<h2 data-start=\"600\" data-end=\"627\"><strong data-start=\"603\" data-end=\"627\">Ko mo\u017ee u\u010destvovati?<\/strong><\/h2>\n<p data-start=\"629\" data-end=\"643\">Apsolutno svi:<\/p>\n<ul data-start=\"645\" data-end=\"785\">\n<li data-start=\"645\" data-end=\"670\">\n<p data-start=\"647\" data-end=\"670\">Postoje\u0107i korisnici<\/p>\n<\/li>\n<li data-start=\"671\" data-end=\"691\">\n<p data-start=\"673\" data-end=\"691\">Novi korisnici<\/p>\n<\/li>\n<li data-start=\"692\" data-end=\"713\">\n<p data-start=\"694\" data-end=\"713\">Promo korisnici<\/p>\n<\/li>\n<li data-start=\"714\" data-end=\"785\">\n<p data-start=\"716\" data-end=\"785\">Biv\u0161i korisnici koji su ranije koristili MTEL ili MOVE aplikaciju<\/p>\n<\/li>\n<\/ul>\n<p data-start=\"787\" data-end=\"865\"><strong data-start=\"787\" data-end=\"865\">Svako ko dovede 3 korisnika \u2013 automatski dobija GRATIS godi\u0161nju pretplatu.<\/strong><\/p>\n<hr data-start=\"867\" data-end=\"870\" \/>\n<h2 data-start=\"872\" data-end=\"900\"><strong data-start=\"875\" data-end=\"900\">Do kada traje akcija?<\/strong><\/h2>\n<p data-start=\"902\" data-end=\"994\">Ovo je <em data-start=\"909\" data-end=\"939\">CRNI PETAK PRIJE CRNOG PETKA<\/em> ponuda i traje <strong data-start=\"955\" data-end=\"994\">ograni\u010deno vrijeme \u2013 do 28.11.2025.<\/strong><\/p>\n<h4 data-start=\"510\" data-end=\"555\"><\/h4>\n<h2 data-start=\"1001\" data-end=\"1037\"><strong data-start=\"1004\" data-end=\"1037\">Za\u0161to je MOVE najbolji izbor?<\/strong><\/h2>\n<ul data-start=\"1039\" data-end=\"1299\">\n<li data-start=\"1039\" data-end=\"1074\">\n<p data-start=\"1041\" data-end=\"1074\">Preko <strong data-start=\"1047\" data-end=\"1072\">400 doma\u0107ih TV kanala<\/strong><\/p>\n<\/li>\n<li data-start=\"1075\" data-end=\"1117\">\n<p data-start=\"1077\" data-end=\"1117\">Vra\u0107anje sadr\u017eaja do <strong data-start=\"1098\" data-end=\"1115\">7 dana unazad<\/strong><\/p>\n<\/li>\n<li data-start=\"1118\" data-end=\"1158\">\n<p data-start=\"1120\" data-end=\"1158\">Gledanje na vi\u0161e ure\u0111aja istovremeno<\/p>\n<\/li>\n<li data-start=\"1159\" data-end=\"1198\">\n<p data-start=\"1161\" data-end=\"1198\">Stabilna, legalna i vrhunska usluga<\/p>\n<\/li>\n<li data-start=\"1199\" data-end=\"1235\">\n<p data-start=\"1201\" data-end=\"1235\">Idealna za korisnike u dijaspori<\/p>\n<\/li>\n<li data-start=\"1236\" data-end=\"1299\">\n<p data-start=\"1238\" data-end=\"1299\">Najbolji sportski, informativni, dje\u010diji i zabavni sadr\u017eaji<\/p>\n<\/li>\n<\/ul>\n<hr data-start=\"1301\" data-end=\"1304\" \/>\n<h2 data-start=\"1306\" data-end=\"1330\"><strong data-start=\"1309\" data-end=\"1330\">Uklju\u010di se odmah!<\/strong><\/h2>\n<p data-start=\"1332\" data-end=\"1423\">Pozovi prijatelje, porodicu ili kolege \u2013<br data-start=\"1372\" data-end=\"1375\" \/>i <strong data-start=\"1377\" data-end=\"1423\">gledaj TV cijelu godinu potpuno BESPLATNO!<\/strong><\/p>\n<h4 data-start=\"510\" data-end=\"555\"><\/h4>\n<h4 data-start=\"510\" data-end=\"555\"><\/h4>\n<p data-start=\"556\" data-end=\"652\">Otkrijte novi na\u010din gledanja televizije uz <strong data-start=\"599\" data-end=\"607\">MOVE<\/strong> i u\u017eivajte u TV sadr\u017eaju kao nikada prije!<\/p>\n<p data-start=\"654\" data-end=\"1032\"><strong data-start=\"657\" data-end=\"682\">Bez prekida i smetnji<\/strong> \u2013 vrhunska kvaliteta slike i stabilan streaming.<br data-start=\"731\" data-end=\"734\" \/><strong data-start=\"737\" data-end=\"763\">Personalizirana usluga<\/strong> \u2013 sadr\u017eaj prilago\u0111en va\u0161im interesima.<br data-start=\"802\" data-end=\"805\" \/><strong data-start=\"808\" data-end=\"832\">Fleksibilno gledanje<\/strong> \u2013 zapo\u010dnite na jednom ure\u0111aju, nastavite na drugom bez prekida.<br data-start=\"896\" data-end=\"899\" \/><strong data-start=\"902\" data-end=\"923\">Porodi\u010dni profili<\/strong> \u2013 kreirajte profile za svakog \u010dlana porodice, uklju\u010duju\u0107i dje\u010dje profile s posebnim sadr\u017eajem za najmla\u0111e.<\/p>\n<p data-start=\"1034\" data-end=\"1175\"><strong data-start=\"1034\" data-end=\"1110\">MOVE donosi modernizirani dizajn i optimiziranu serversku infrastrukturu<\/strong>, osiguravaju\u0107i nesmetano gledanje va\u0161ih omiljenih TV kanala.<\/p>\n<p data-start=\"1177\" data-end=\"1289\">Ako vam je potrebna dodatna pomo\u0107, slobodno kontaktirajte korisni\u010dki centar.<\/p>\n<p data-start=\"1291\" data-end=\"1361\">Isprobaj 15 DANA BESPLATNO u uvjeri se u kvalitet uslugu. Klikni <a href=\"https:\/\/mojago.tv\/usa\/probaj-besplatno\/\"><strong>ovdje<\/strong><\/a> za probni period!<\/p>\n<p>Ne propusti priliku i iskoristi besplatni probni period.<\/p>\n<p><strong>MOVE \u2013 Najbolja televizija za na\u0161e ljude u dijaspori!<\/strong><\/p>\n<p>Brzo i lako plati karticom preko sajta: <a href=\"https:\/\/mojago.tv\/usa\/paketi\/\" target=\"_blank\" rel=\"noopener noreferrer\">https:\/\/mojago.tv\/paketi<\/a>\/ ili kontaktiraj na\u0161u korisni\u010dku podr\u0161ku<\/p>\n<p><strong>Za sva pitanja pozovite ODMAH na\u0161 Call centar: <a href=\"tel:0017735985800\">+1 773 598 5800<\/a><\/strong><\/p>\n<p><strong>Dostupni smo Vam i putem emaila: <a href=\"mailto:usa@mojago.tv\">usa@mojago.tv<\/a>\u00a0<\/strong>[\/vc_column_text][vc_custom_heading text=&#8221;Za\u0161to jo\u0161 treba\u0161 iskoristiti ovu HIT akciju&#8221; font_container=&#8221;tag:h2|font_size:22px|text_align:left|line_height:27px&#8221; use_theme_fonts=&#8221;yes&#8221; css=&#8221;.vc_custom_1585507217323{margin-top: 0px !important;margin-bottom: 15px !important;padding-top: 0px !important;}&#8221;][vc_row_inner gap=&#8221;30&#8221; css=&#8221;.vc_custom_1585508729154{padding-right: 15px !important;padding-left: 15px !important;}&#8221;][vc_column_inner width=&#8221;1\/2&#8221; css=&#8221;.vc_custom_1585508515359{border-top-width: 1px !important;border-right-width: 1px !important;border-bottom-width: 1px !important;border-left-width: 1px !important;padding-top: 0px !important;padding-right: 0px !important;padding-left: 0px !important;background-color: #f4f4f4 !important;border-left-color: #dddddd !important;border-left-style: solid !important;border-right-color: #dddddd !important;border-right-style: solid !important;border-top-color: #dddddd !important;border-top-style: solid !important;border-bottom-color: #dddddd !important;border-bottom-style: solid !important;}&#8221;]\r<!-- fancy-text-box -->\r<div class=\"rt-fancy-text-box element-one hover-active  \"   data-fancy-text-box-align=\"left\"><div class=\"holder matchHeight \"><div class=\"title\"><div class=\"icon\"><i class=\"typcn typcn-adjust-brightness\"><\/i><\/div><h4 class=\"fancy-text-tag\"  style=\"font-size: 24px;line-height: 35px\" >U\u0161tedi<\/h4><\/div><div class=\"data\"><p>Plati 9 meseci gledaj 12!<\/p><\/div><\/div><\/div>\r<!-- fancy-text-box -->\r[\/vc_column_inner][vc_column_inner width=&#8221;1\/2&#8221; css=&#8221;.vc_custom_1585508521718{border-top-width: 1px !important;border-right-width: 1px !important;border-bottom-width: 1px !important;border-left-width: 1px !important;padding-top: 0px !important;padding-right: 0px !important;padding-left: 0px !important;border-left-color: #dddddd !important;border-left-style: solid !important;border-right-color: #dddddd !important;border-right-style: solid !important;border-top-color: #dddddd !important;border-top-style: solid !important;border-bottom-color: #dddddd !important;border-bottom-style: solid !important;}&#8221;]\r<!-- fancy-text-box -->\r<div class=\"rt-fancy-text-box element-one hover-active  \"   data-fancy-text-box-align=\"left\"><div class=\"holder matchHeight \"><div class=\"title\"><div class=\"icon\"><i class=\"typcn typcn-adjust-brightness\"><\/i><\/div><h4 class=\"fancy-text-tag\"  style=\"font-size: 24px;line-height: 35px\" ><a href=\"https:\/\/mojago.tv\/usa\/#preporuci-prijatelja\"  title=\"\" target=\"_self\">Dovedi 3 korisnika i osvoji godi\u0161nju pretplatu GRATIS!<\/a><\/h4><\/div><div class=\"data\"><p><\/p><\/div><div class=\"more\"><a class=\"btn\" href=\"https:\/\/mojago.tv\/usa\/#preporuci-prijatelja\"  title=\"\" target=\"_self\">Saznaj vi\u0161e<\/a><\/div><\/div><\/div>\r<!-- fancy-text-box -->\r[\/vc_column_inner][\/vc_row_inner][vc_row_inner gap=&#8221;35&#8221; css=&#8221;.vc_custom_1585508735856{padding-right: 15px !important;padding-left: 15px !important;}&#8221;][vc_column_inner width=&#8221;1\/2&#8221; css=&#8221;.vc_custom_1585508535190{border-top-width: 1px !important;border-right-width: 1px !important;border-bottom-width: 1px !important;border-left-width: 1px !important;padding-top: 0px !important;padding-right: 0px !important;padding-left: 0px !important;border-left-color: #dddddd !important;border-left-style: solid !important;border-right-color: #dddddd !important;border-right-style: solid !important;border-top-color: #dddddd !important;border-top-style: solid !important;border-bottom-color: #dddddd !important;border-bottom-style: solid !important;}&#8221;]\r<!-- fancy-text-box -->\r<div class=\"rt-fancy-text-box element-one hover-active  \"   data-fancy-text-box-align=\"left\"><div class=\"holder matchHeight \"><div class=\"title\"><div class=\"icon\"><i class=\"typcn typcn-adjust-brightness\"><\/i><\/div><h4 class=\"fancy-text-tag\"  style=\"font-size: 24px;line-height: 35px\" ><a href=\"#\"  title=\"\" target=\"_self\">TV kanali potpuno LEGALNO<\/a><\/h4><\/div><div class=\"data\"><p>RTS KANALE, ARENE SPORT, HAYAT, OBN, BN i FTV prati jedino na MOVE aplikaciji potpuno LEGALNO I BEZ BRIGE.<\/p><\/div><\/div><\/div>\r<!-- fancy-text-box -->\r[\/vc_column_inner][vc_column_inner width=&#8221;1\/2&#8221; css=&#8221;.vc_custom_1585508562028{border-top-width: 1px !important;border-right-width: 1px !important;border-bottom-width: 1px !important;border-left-width: 1px !important;padding-top: 0px !important;padding-right: 0px !important;padding-left: 0px !important;background-color: #f4f4f4 !important;border-left-color: #dddddd !important;border-left-style: solid !important;border-right-color: #dddddd !important;border-right-style: solid !important;border-top-color: #dddddd !important;border-top-style: solid !important;border-bottom-color: #dddddd !important;border-bottom-style: solid !important;}&#8221;]\r<!-- fancy-text-box -->\r<div class=\"rt-fancy-text-box element-one hover-active  \"   data-fancy-text-box-align=\"left\"><div class=\"holder matchHeight \"><div class=\"title\"><div class=\"icon\"><i class=\"typcn typcn-adjust-brightness\"><\/i><\/div><h4 class=\"fancy-text-tag\"  style=\"font-size: 24px;line-height: 35px\" >Prilago\u0111avamo se tvom rasporedu<\/h4><\/div><div class=\"data\"><p>Gledaj 7 dana unazad i na vi\u0161e ure\u0111aja istovremeno.<\/p><\/div><\/div><\/div>\r<!-- fancy-text-box -->\r[\/vc_column_inner][\/vc_row_inner][vc_row_inner gap=&#8221;35&#8221; css=&#8221;.vc_custom_1585508742730{padding-right: 15px !important;padding-left: 15px !important;}&#8221;][vc_column_inner width=&#8221;1\/2&#8221; css=&#8221;.vc_custom_1585508669895{border-top-width: 1px !important;border-right-width: 1px !important;border-bottom-width: 1px !important;border-left-width: 1px !important;padding-top: 0px !important;padding-right: 0px !important;padding-left: 0px !important;background-color: #f4f4f4 !important;border-left-color: #dddddd !important;border-left-style: solid !important;border-right-color: #dddddd !important;border-right-style: solid !important;border-top-color: #dddddd !important;border-top-style: solid !important;border-bottom-color: #dddddd !important;border-bottom-style: solid !important;}&#8221;]\r<!-- fancy-text-box -->\r<div class=\"rt-fancy-text-box element-one hover-active  \"   data-fancy-text-box-align=\"left\"><div class=\"holder matchHeight \"><div class=\"title\"><div class=\"icon\"><i class=\"typcn typcn-adjust-brightness\"><\/i><\/div><h4 class=\"fancy-text-tag\"  style=\"font-size: 24px;line-height: 35px\" ><a href=\"#\"  title=\"\" target=\"_self\">Dostupni i u pokretu BILO KAD I BILO GDE<\/a><\/h4><\/div><div class=\"data\"><p>MOVE - novo iskustvo gledanja televizije. Gledaj putem aplikacije na SMART TV-u, APPLE TV-u, mobilnom telefonu i tabletu ili uz pomo\u0107 SET TOB BOX ure\u0111aja.<\/p><\/div><\/div><\/div>\r<!-- fancy-text-box -->\r[\/vc_column_inner][vc_column_inner width=&#8221;1\/2&#8221; css=&#8221;.vc_custom_1585508685624{border-top-width: 1px !important;border-right-width: 1px !important;border-bottom-width: 1px !important;border-left-width: 1px !important;padding-top: 0px !important;padding-right: 0px !important;padding-left: 0px !important;border-left-color: #dddddd !important;border-left-style: solid !important;border-right-color: #dddddd !important;border-right-style: solid !important;border-top-color: #dddddd !important;border-top-style: solid !important;border-bottom-color: #dddddd !important;border-bottom-style: solid !important;}&#8221;]\r<!-- fancy-text-box -->\r<div class=\"rt-fancy-text-box element-one hover-active  \"   data-fancy-text-box-align=\"left\"><div class=\"holder matchHeight \"><div class=\"title\"><div class=\"icon\"><i class=\"typcn typcn-adjust-brightness\"><\/i><\/div><h4 class=\"fancy-text-tag\"  style=\"font-size: 24px;line-height: 35px\" >Brz i jednostavan prelazak<\/h4><\/div><div class=\"data\"><p>Sve \u0161to je potrebno je da ostavi\u0161 svoj kontakt telefon, ili nas pozove\u0161 i u najkra\u0107em roku organizujemo aktivaciju usluge.<\/p><\/div><\/div><\/div>\r<!-- fancy-text-box -->\r[\/vc_column_inner][\/vc_row_inner][\/vc_column][vc_column width=&#8221;1\/4&#8221; css=&#8221;.vc_custom_1518763663115{margin-top: 0px !important;margin-bottom: 0px !important;padding-top: 0px !important;}&#8221;][vc_row_inner css=&#8221;.vc_custom_1585159164333{margin-top: 0px !important;margin-bottom: 0px !important;padding-top: 0px !important;padding-bottom: 0px !important;background-position: center !important;background-repeat: no-repeat !important;background-size: cover !important;}&#8221; el_class=&#8221;box-shadow&#8221;][vc_column_inner css=&#8221;.vc_custom_1585230684715{margin-top: 0px !important;margin-bottom: 0px !important;padding-top: 35px !important;padding-right: 25px !important;padding-bottom: 50px !important;padding-left: 25px !important;background-color: #c51a1b !important;}&#8221;][vc_custom_heading text=&#8221;MOVE&#8221; font_container=&#8221;tag:h4|font_size:22px|text_align:center|color:%23ffffff|line_height:35px&#8221; use_theme_fonts=&#8221;yes&#8221; css=&#8221;.vc_custom_1721242595494{margin-top: 0px !important;margin-bottom: 0px !important;border-bottom-width: 1px !important;padding-top: 0px !important;padding-bottom: 16px !important;border-bottom-color: rgba(255,255,255,0.3) !important;border-bottom-style: solid !important;}&#8221;][vc_column_text css=&#8221;.vc_custom_1721243049687{margin-top: 18px !important;margin-bottom: 0px !important;padding-top: 0px !important;padding-bottom: 4px !important;}&#8221;]<\/p>\n<p style=\"text-align: center;\"><span style=\"color: #ffffff;\">Preuzmi aplikaciju 15 dana i uveri se u kvalitet usluge.<\/span><\/p>\n<p>[\/vc_column_text][vc_empty_space height=&#8221;12px&#8221;]\r<!-- rt-button2 -->\r<div class=\"rt-button2 element-two hover-style-one exd71290f268bed83  button-custom\"  data-button-direction=\"center\" data-button-fullwidth=\"false\" ><a style=\" color: #161617; font-size: 13px;\" class=\"rt-button2-main  vc_custom_1585734255133\" href=\"https:\/\/mojago.tv\/usa\/probaj-besplatno\/\"  title=\"Preuzmi besplatno\" target=\"_self\"><div class=\"overlay\"><\/div><div class=\"placeholder\">PROBAJ BESPLATNO<\/div><\/a><\/div>\r<!-- rt-button2 -->\r[\/vc_column_inner][\/vc_row_inner][vc_empty_space height=&#8221;22px&#8221;][vc_row_inner][vc_column_inner css=&#8221;.vc_custom_1585159331337{padding-right: 0px !important;padding-left: 0px !important;}&#8221;][vc_single_image image=&#8221;9661&#8221; img_size=&#8221;full&#8221; alignment=&#8221;center&#8221; onclick=&#8221;custom_link&#8221; el_class=&#8221;box-shadow&#8221; css=&#8221;.vc_custom_1762466177143{padding-right: 0px !important;padding-left: 0px !important;}&#8221;][\/vc_column_inner][\/vc_row_inner][\/vc_column][\/vc_row]<\/p>\n","protected":false},"excerpt":{"rendered":"<p>[vc_row full_width=&#8221;stretch_row&#8221; gap=&#8221;20&#8221; css_animation=&#8221;none&#8221; css=&#8221;.vc_custom_1762242182645{margin-top: 70px !important;margin-bottom: 70px !important;}&#8221;][vc_column css_animation=&#8221;none&#8221; width=&#8221;3\/4&#8221; css=&#8221;.vc_custom_1585505707912{margin-left: 0px !important;padding-top: 0px !important;padding-bottom: 0px !important;}&#8221;][vc_custom_heading text=&#8221;CRNI PETAK PRIJE CRNOG PETKA&#8221; font_container=&#8221;tag:h2|font_size:28px|text_align:left|line_height:27px&#8221; use_theme_fonts=&#8221;yes&#8221; css=&#8221;.vc_custom_1762464826875{margin-top: 0px !important;margin-bottom: 15px !important;padding-top: 0px !important;}&#8221;][vc_single_image image=&#8221;7134&#8221; img_size=&#8221;full&#8221; css=&#8221;.vc_custom_1585507114941{margin-bottom: 0px !important;}&#8221;][vc_custom_heading text=&#8221;Dovedi 3 korisnika \u2013 osvoji GODI\u0160NJU pretplatu GRATIS! Black Friday na MOVE aplikaciji po\u010dinje ranije! Iskoristi ekskluzivnu ponudu [&hellip;]<\/p>\n","protected":false},"author":1,"featured_media":0,"parent":0,"menu_order":0,"comment_status":"closed","ping_status":"closed","template":"","meta":{"footnotes":""},"aioseo_notices":[],"_links":{"self":[{"href":"https:\/\/mojago.tv\/usa\/wp-json\/wp\/v2\/pages\/7217"}],"collection":[{"href":"https:\/\/mojago.tv\/usa\/wp-json\/wp\/v2\/pages"}],"about":[{"href":"https:\/\/mojago.tv\/usa\/wp-json\/wp\/v2\/types\/page"}],"author":[{"embeddable":true,"href":"https:\/\/mojago.tv\/usa\/wp-json\/wp\/v2\/users\/1"}],"replies":[{"embeddable":true,"href":"https:\/\/mojago.tv\/usa\/wp-json\/wp\/v2\/comments?post=7217"}],"version-history":[{"count":68,"href":"https:\/\/mojago.tv\/usa\/wp-json\/wp\/v2\/pages\/7217\/revisions"}],"predecessor-version":[{"id":9662,"href":"https:\/\/mojago.tv\/usa\/wp-json\/wp\/v2\/pages\/7217\/revisions\/9662"}],"wp:attachment":[{"href":"https:\/\/mojago.tv\/usa\/wp-json\/wp\/v2\/media?parent=7217"}],"curies":[{"name":"wp","href":"https:\/\/api.w.org\/{rel}","templated":true}]}}