{"id":7078,"date":"2020-03-25T18:30:45","date_gmt":"2020-03-25T18:30:45","guid":{"rendered":"https:\/\/mojago.tv\/usa\/?page_id=7078"},"modified":"2025-11-04T07:42:26","modified_gmt":"2025-11-04T07:42:26","slug":"o-nama","status":"publish","type":"page","link":"https:\/\/mojago.tv\/usa\/o-nama\/","title":{"rendered":"O nama"},"content":{"rendered":"<p>[vc_row equal_height=&#8221;yes&#8221; content_placement=&#8221;top&#8221; css=&#8221;.vc_custom_1762242127898{margin-top: 70px !important;}&#8221;][vc_column width=&#8221;2\/3&#8221; css=&#8221;.vc_custom_1519362639897{margin-top: 0px !important;padding-top: 0px !important;}&#8221;][vc_custom_heading text=&#8221;Dobrodo\u0161li u svet moderne tehnologije&#8221; font_container=&#8221;tag:h2|font_size:36px|text_align:left|line_height:27px&#8221; use_theme_fonts=&#8221;yes&#8221; css=&#8221;.vc_custom_1596612636013{margin-bottom: 15px !important;}&#8221;][vc_single_image image=&#8221;7134&#8221; img_size=&#8221;full&#8221; css=&#8221;.vc_custom_1585239866937{margin-bottom: 0px !important;}&#8221;][vc_column_text css=&#8221;.vc_custom_1721245401512{margin-top: 10px !important;margin-bottom: 0px !important;padding-top: 0px !important;padding-bottom: 0px !important;}&#8221;]<\/p>\n<p style=\"text-align: justify;\">MOJA GO TV INC je ovla\u0161\u0107eni partner kompanije MTEL Global (GO4YU) na prostoru Amerike, Kanade i Australije. Tako\u0111er pokrivamo odre\u0111ene dr\u017eave u Europi.<\/p>\n<p style=\"text-align: justify;\">MTEL Global, nekada\u0161nji brend GO4YU je \u010dlanica grupacije Telekoma Srbije, osnovana s ciljem da na\u0161im ljudima u dijaspori omogu\u0107i vezu sa domovinom na na\u010din da najbolje usluge televizijske distribucije budu dostupne svim ljudima sa prostora Balkana koji \u017eive i rade \u0161irom sveta. Svakodnevni tehnolo\u0161ki razvoj, visok kvalitet usluge, konkurentne cene, vi\u0161egodi\u0161nje iskustvo i ponuda kvalitetnih re\u0161enja za potrebe na\u0161ih korisnika. \u017delimo biti tvoj vodi\u010d u digitalnom svetu i u\u010diniti tvoj \u017eivot jednostavnijim, produktivnijim i ugodnijim.<\/p>\n<p style=\"text-align: justify;\">S ponosom mo\u017eemo re\u0107i da u saradnji s grupacijom MTEL Global koja je deo Telekoma Srbije nudimo najbolju uslugu\u00a0 Ex Yu TV sadr\u017eaja po najpovoljnijim cenama.<\/p>\n<p>[\/vc_column_text][\/vc_column][vc_column width=&#8221;1\/3&#8221; css=&#8221;.vc_custom_1585159975623{padding-top: 0px !important;}&#8221;][vc_single_image image=&#8221;9376&#8221; img_size=&#8221;full&#8221; css=&#8221;.vc_custom_1721245520203{margin-bottom: 0px !important;}&#8221; el_class=&#8221;image-space-top&#8221;][\/vc_column][\/vc_row][vc_row full_width=&#8221;stretch_row&#8221; equal_height=&#8221;yes&#8221; content_placement=&#8221;middle&#8221; css=&#8221;.vc_custom_1762242119078{margin-top: 0px !important;margin-bottom: 0px !important;padding-top: 35px !important;padding-bottom: 0px !important;}&#8221;][vc_column width=&#8221;1\/2&#8221; css=&#8221;.vc_custom_1519362557960{margin-top: 0px !important;padding-top: 0px !important;}&#8221;][vc_single_image image=&#8221;7658&#8221; img_size=&#8221;full&#8221; alignment=&#8221;center&#8221;][\/vc_column][vc_column width=&#8221;1\/2&#8221;][vc_custom_heading text=&#8221;NA\u0160E PREDNOSTI&#8221; font_container=&#8221;tag:h4|font_size:20px|text_align:left|line_height:26px&#8221; use_theme_fonts=&#8221;yes&#8221;][vc_custom_heading text=&#8221;Za\u0161to odabrati nas?&#8221; font_container=&#8221;tag:h3|font_size:30px|text_align:left|line_height:27px&#8221; use_theme_fonts=&#8221;yes&#8221; css=&#8221;.vc_custom_1585239888619{margin-top: 11px !important;margin-bottom: 15px !important;padding-top: 0px !important;padding-bottom: 0px !important;}&#8221;][vc_single_image image=&#8221;7134&#8221; img_size=&#8221;full&#8221; css=&#8221;.vc_custom_1585239906477{margin-bottom: 0px !important;}&#8221;][vc_message message_box_color=&#8221;grey&#8221; icon_fontawesome=&#8221;fas fa-check-double&#8221; el_class=&#8221;box-shadow&#8221;]Zato \u0161to nudimo najstabilniju Ex Yu IPTV platformu.[\/vc_message][vc_message message_box_color=&#8221;grey&#8221; icon_fontawesome=&#8221;fas fa-check-double&#8221; el_class=&#8221;box-shadow&#8221;]Zato \u0161to nudimo ekskluzivni sadr\u017eaj.[\/vc_message][vc_message message_box_color=&#8221;grey&#8221; icon_fontawesome=&#8221;fas fa-check-double&#8221; el_class=&#8221;box-shadow&#8221;]Zato \u0161to nudimo popularne TV kanale.[\/vc_message][vc_message message_box_color=&#8221;grey&#8221; icon_fontawesome=&#8221;fas fa-check-double&#8221; el_class=&#8221;box-shadow&#8221;]Zato \u0161to poslujemo legalno i sigurno.[\/vc_message][vc_message message_box_color=&#8221;grey&#8221; icon_fontawesome=&#8221;fas fa-check-double&#8221; el_class=&#8221;box-shadow&#8221;]Zato \u0161to pratimo razvoj tehnologije i stalno napredujemo.[\/vc_message][vc_message message_box_color=&#8221;grey&#8221; icon_fontawesome=&#8221;fas fa-check-double&#8221; el_class=&#8221;box-shadow&#8221;]Zato \u0161to smo deo grupacije Telekoma Srbije.[\/vc_message][vc_message message_box_color=&#8221;grey&#8221; icon_fontawesome=&#8221;fas fa-check-double&#8221; el_class=&#8221;box-shadow&#8221;]Zato \u0161to nudimo kvalitetnu, pouzdanu i sigurnu uslugu po povoljnoj ceni.[\/vc_message][\/vc_column][\/vc_row][vc_row full_width=&#8221;stretch_row&#8221; equal_height=&#8221;yes&#8221; content_placement=&#8221;middle&#8221; css=&#8221;.vc_custom_1585239919267{margin-top: 40px !important;margin-bottom: 0px !important;padding-top: 70px !important;padding-bottom: 70px !important;background-image: url(https:\/\/mojago.tv\/usa\/wp-content\/uploads\/2020\/03\/layout.png?id=7153) !important;background-position: center !important;background-repeat: no-repeat !important;background-size: cover !important;}&#8221;][vc_column width=&#8221;3\/4&#8221; css=&#8221;.vc_custom_1518760412281{margin-top: 0px !important;margin-bottom: 0px !important;padding-top: 0px !important;padding-bottom: 0px !important;}&#8221;][vc_custom_heading text=&#8221;Probaj MOVE&#8221; font_container=&#8221;tag:h4|font_size:35px|text_align:left|color:%23ffffff|line_height:40px&#8221; use_theme_fonts=&#8221;yes&#8221;][vc_custom_heading text=&#8221;Preuzmi aplikaciju 15 dana i uveri se u kvalitet usluge. U\u017eivajte u omiljenom TV sadr\u017eaju putem MOVE aplikacije na SMART TV-u, APPLE TV-u, mobilnom telefonu\/tabletu ili uz pomo\u0107 SET TOP BOX ure\u0111aja.&#8221; font_container=&#8221;tag:p|text_align:left|color:%23ffffff&#8221; use_theme_fonts=&#8221;yes&#8221; css=&#8221;.vc_custom_1721245443950{margin-top: 30px !important;margin-bottom: 0px !important;padding-top: 0px !important;padding-bottom: 0px !important;}&#8221;][\/vc_column][vc_column width=&#8221;1\/4&#8221; css=&#8221;.vc_custom_1518760815988{margin-top: 0px !important;margin-bottom: 0px !important;padding-top: 0px !important;padding-bottom: 0px !important;}&#8221;]\r<!-- rt-button2 -->\r<div class=\"rt-button2 element-two hover-style-one ex649c8992cd24ba2  button-custom\"  data-button-direction=\"center\" data-button-fullwidth=\"false\" ><a style=\" color: #252525; line-height: 26px; font-size: 13px;\" class=\"rt-button2-main  vc_custom_1585728612360\" href=\"https:\/\/mojago.tv\/usa\/probaj-besplatno\/\"  title=\"Preuzmi besplatno\" target=\"_self\"><div class=\"overlay\"><\/div><div class=\"placeholder\">PROBAJ BESPLATNO<\/div><\/a><\/div>\r<!-- rt-button2 -->\r[\/vc_column][\/vc_row]<\/p>\n","protected":false},"excerpt":{"rendered":"<p>[vc_row equal_height=&#8221;yes&#8221; content_placement=&#8221;top&#8221; css=&#8221;.vc_custom_1762242127898{margin-top: 70px !important;}&#8221;][vc_column width=&#8221;2\/3&#8221; css=&#8221;.vc_custom_1519362639897{margin-top: 0px !important;padding-top: 0px !important;}&#8221;][vc_custom_heading text=&#8221;Dobrodo\u0161li u svet moderne tehnologije&#8221; font_container=&#8221;tag:h2|font_size:36px|text_align:left|line_height:27px&#8221; use_theme_fonts=&#8221;yes&#8221; css=&#8221;.vc_custom_1596612636013{margin-bottom: 15px !important;}&#8221;][vc_single_image image=&#8221;7134&#8221; img_size=&#8221;full&#8221; css=&#8221;.vc_custom_1585239866937{margin-bottom: 0px !important;}&#8221;][vc_column_text css=&#8221;.vc_custom_1721245401512{margin-top: 10px !important;margin-bottom: 0px !important;padding-top: 0px !important;padding-bottom: 0px !important;}&#8221;] MOJA GO TV INC je ovla\u0161\u0107eni partner kompanije MTEL Global (GO4YU) na prostoru Amerike, Kanade i Australije. Tako\u0111er pokrivamo [&hellip;]<\/p>\n","protected":false},"author":1,"featured_media":0,"parent":0,"menu_order":0,"comment_status":"closed","ping_status":"closed","template":"","meta":{"footnotes":""},"aioseo_notices":[],"_links":{"self":[{"href":"https:\/\/mojago.tv\/usa\/wp-json\/wp\/v2\/pages\/7078"}],"collection":[{"href":"https:\/\/mojago.tv\/usa\/wp-json\/wp\/v2\/pages"}],"about":[{"href":"https:\/\/mojago.tv\/usa\/wp-json\/wp\/v2\/types\/page"}],"author":[{"embeddable":true,"href":"https:\/\/mojago.tv\/usa\/wp-json\/wp\/v2\/users\/1"}],"replies":[{"embeddable":true,"href":"https:\/\/mojago.tv\/usa\/wp-json\/wp\/v2\/comments?post=7078"}],"version-history":[{"count":46,"href":"https:\/\/mojago.tv\/usa\/wp-json\/wp\/v2\/pages\/7078\/revisions"}],"predecessor-version":[{"id":9636,"href":"https:\/\/mojago.tv\/usa\/wp-json\/wp\/v2\/pages\/7078\/revisions\/9636"}],"wp:attachment":[{"href":"https:\/\/mojago.tv\/usa\/wp-json\/wp\/v2\/media?parent=7078"}],"curies":[{"name":"wp","href":"https:\/\/api.w.org\/{rel}","templated":true}]}}