{"id":7045,"date":"2020-03-25T16:00:54","date_gmt":"2020-03-25T16:00:54","guid":{"rendered":"https:\/\/mojago.tv\/usa\/?page_id=7045"},"modified":"2025-11-06T11:28:54","modified_gmt":"2025-11-06T11:28:54","slug":"cesta-pitanja-i-odgovori","status":"publish","type":"page","link":"https:\/\/mojago.tv\/usa\/cesta-pitanja-i-odgovori\/","title":{"rendered":"\u010cesta pitanja i odgovori"},"content":{"rendered":"<p>[vc_row full_width=&#8221;stretch_row&#8221; gap=&#8221;20&#8221; css_animation=&#8221;none&#8221; css=&#8221;.vc_custom_1762428511868{margin-top: 70px !important;margin-bottom: 70px !important;}&#8221;][vc_column css_animation=&#8221;none&#8221; width=&#8221;3\/4&#8221; css=&#8221;.vc_custom_1520490166476{margin-left: 0px !important;padding-top: 0px !important;padding-bottom: 0px !important;}&#8221;][vc_custom_heading text=&#8221;Uputstva za instalaciju i kori\u0161tenje ure\u0111aja&#8221; font_container=&#8221;tag:h2|font_size:28px|text_align:left|line_height:27px&#8221; use_theme_fonts=&#8221;yes&#8221; css=&#8221;.vc_custom_1585730584531{margin-top: 0px !important;margin-bottom: 15px !important;padding-top: 0px !important;}&#8221;][vc_single_image image=&#8221;7134&#8221; img_size=&#8221;full&#8221; css=&#8221;.vc_custom_1585240089638{margin-bottom: 20px !important;}&#8221;][vc_row_inner][vc_column_inner width=&#8221;1\/2&#8221;]\r<!-- fancy-text-box -->\r<div class=\"rt-fancy-text-box element-three hover-active-on  \"   data-fancy-text-box-align=\"left\"><div class=\"holder matchHeight \"><div class=\"title\"><div class=\"pic\"><img loading=\"lazy\" decoding=\"async\" src=\"https:\/\/mojago.tv\/usa\/wp-content\/uploads\/2020\/04\/pdf.png\" alt=\"Upute za instalaciju i aktivaciju MOVE aplikacije\" width=\"64\" height=\"64\"\/><\/div><h4 class=\"fancy-text-tag\"  style=\"font-size: 18px;line-height: 28px\" ><a  href=\"https:\/\/mojago.tv\/usa\/wp-content\/uploads\/2025\/01\/Uputstvo_za_instalaciju_i_aktivaciju_MOVE_aplikacije.01.pdf\"  title=\"\" target=\" _blank\">Upute za instalaciju i aktivaciju MOVE aplikacije<\/a><\/h4><\/div><div class=\"clearfix\"><\/div><div class=\"data\"><p><\/p><\/div><div class=\"more\"><a class=\"btn\" href=\"https:\/\/mojago.tv\/usa\/wp-content\/uploads\/2025\/01\/Uputstvo_za_instalaciju_i_aktivaciju_MOVE_aplikacije.01.pdf\"  title=\"\" target=\" _blank\">POGLEDAJ PDF<\/a><\/div><\/div><\/div>\r<!-- fancy-text-box -->\r[vc_empty_space height=&#8221;20px&#8221;]\r<!-- fancy-text-box -->\r<div class=\"rt-fancy-text-box element-three hover-active-on  \"   data-fancy-text-box-align=\"left\"><div class=\"holder matchHeight \"><div class=\"title\"><div class=\"pic\"><img loading=\"lazy\" decoding=\"async\" src=\"https:\/\/mojago.tv\/usa\/wp-content\/uploads\/2025\/01\/tablet.png\" alt=\"Upute za instalaciju MOVE na iPad i iPhone\" width=\"64\" height=\"64\"\/><\/div><h4 class=\"fancy-text-tag\"  style=\"font-size: 18px;line-height: 28px\" ><a  href=\"https:\/\/mojago.tv\/usa\/wp-content\/uploads\/2025\/01\/01162025_move_iphone_instalacija.mp4\"  title=\"\" target=\" _blank\">Upute za instalaciju MOVE na iPad i iPhone<\/a><\/h4><\/div><div class=\"clearfix\"><\/div><div class=\"data\"><p><\/p><\/div><div class=\"more\"><a class=\"btn\" href=\"https:\/\/mojago.tv\/usa\/wp-content\/uploads\/2025\/01\/01162025_move_iphone_instalacija.mp4\"  title=\"\" target=\" _blank\">POGLEDAJ VIDEO<\/a><\/div><\/div><\/div>\r<!-- fancy-text-box -->\r[vc_empty_space height=&#8221;20px&#8221;]\r<!-- fancy-text-box -->\r<div class=\"rt-fancy-text-box element-three hover-active-on  \"   data-fancy-text-box-align=\"left\"><div class=\"holder matchHeight \"><div class=\"title\"><div class=\"pic\"><img loading=\"lazy\" decoding=\"async\" src=\"https:\/\/mojago.tv\/usa\/wp-content\/uploads\/2025\/01\/video.png\" alt=\"Upute za instalaciju MOVE na Android telefon\" width=\"64\" height=\"64\"\/><\/div><h4 class=\"fancy-text-tag\"  style=\"font-size: 18px;line-height: 28px\" ><a  href=\"https:\/\/mojago.tv\/usa\/wp-content\/uploads\/2025\/01\/11182024_move_android_instalacija.mp4\"  title=\"\" target=\" _blank\">Upute za instalaciju MOVE na Android telefon<\/a><\/h4><\/div><div class=\"clearfix\"><\/div><div class=\"data\"><p><\/p><\/div><div class=\"more\"><a class=\"btn\" href=\"https:\/\/mojago.tv\/usa\/wp-content\/uploads\/2025\/01\/11182024_move_android_instalacija.mp4\"  title=\"\" target=\" _blank\">POGLEDAJ VIDEO<\/a><\/div><\/div><\/div>\r<!-- fancy-text-box -->\r[\/vc_column_inner][vc_column_inner width=&#8221;1\/2&#8221;]\r<!-- fancy-text-box -->\r<div class=\"rt-fancy-text-box element-three hover-active-on  \"   data-fancy-text-box-align=\"left\"><div class=\"holder matchHeight \"><div class=\"title\"><div class=\"pic\"><img loading=\"lazy\" decoding=\"async\" src=\"https:\/\/mojago.tv\/usa\/wp-content\/uploads\/2025\/01\/manual.png\" alt=\"Instrukcije za manualno a\u017euriranje interfejsa na KM9 ure\u0111ajima\" width=\"64\" height=\"64\"\/><\/div><h4 class=\"fancy-text-tag\"  style=\"font-size: 18px;line-height: 28px\" ><a  href=\"https:\/\/mojago.tv\/usa\/wp-content\/uploads\/2025\/01\/Instrukcije-za-manuelno-azuriranje-interfejsa-na-KM9-uredjajima.mp4\"  title=\"\" target=\" _blank\">Instrukcije za manualno a\u017euriranje interfejsa na KM9 ure\u0111ajima<\/a><\/h4><\/div><div class=\"clearfix\"><\/div><div class=\"data\"><p><\/p><\/div><div class=\"more\"><a class=\"btn\" href=\"https:\/\/mojago.tv\/usa\/wp-content\/uploads\/2025\/01\/Instrukcije-za-manuelno-azuriranje-interfejsa-na-KM9-uredjajima.mp4\"  title=\"\" target=\" _blank\">POGLEDAJ VIDEO<\/a><\/div><\/div><\/div>\r<!-- fancy-text-box -->\r[vc_empty_space height=&#8221;20px&#8221;]\r<!-- fancy-text-box -->\r<div class=\"rt-fancy-text-box element-three hover-active-on  \"   data-fancy-text-box-align=\"left\"><div class=\"holder matchHeight \"><div class=\"title\"><div class=\"pic\"><img loading=\"lazy\" decoding=\"async\" src=\"https:\/\/mojago.tv\/usa\/wp-content\/uploads\/2025\/01\/video.png\" alt=\"Uputstvo kako da oslobodi\u0161 slot za nove ure\u0111aje\" width=\"64\" height=\"64\"\/><\/div><h4 class=\"fancy-text-tag\"  style=\"font-size: 18px;line-height: 28px\" ><a  href=\"https:\/\/mojago.tv\/usa\/wp-content\/uploads\/2025\/10\/09092025_uputstvo_kako_da_oslobodis_slot.mp4\"  title=\"\" target=\" _blank\">Uputstvo kako da oslobodi\u0161 slot za nove ure\u0111aje<\/a><\/h4><\/div><div class=\"clearfix\"><\/div><div class=\"data\"><p><\/p><\/div><div class=\"more\"><a class=\"btn\" href=\"https:\/\/mojago.tv\/usa\/wp-content\/uploads\/2025\/10\/09092025_uputstvo_kako_da_oslobodis_slot.mp4\"  title=\"\" target=\" _blank\">POGLEDAJ VIDEO<\/a><\/div><\/div><\/div>\r<!-- fancy-text-box -->\r[vc_empty_space height=&#8221;20px&#8221;]\r<!-- fancy-text-box -->\r<div class=\"rt-fancy-text-box element-three hover-active-on  \"   data-fancy-text-box-align=\"left\"><div class=\"holder matchHeight \"><div class=\"title\"><div class=\"pic\"><img loading=\"lazy\" decoding=\"async\" src=\"https:\/\/mojago.tv\/usa\/wp-content\/uploads\/2025\/01\/video.png\" alt=\"Upustvo za raspore\u0111ivanje kanala po teritorijama\" width=\"64\" height=\"64\"\/><\/div><h4 class=\"fancy-text-tag\"  style=\"font-size: 18px;line-height: 28px\" ><a  href=\"https:\/\/mojago.tv\/usa\/wp-content\/uploads\/2025\/10\/05272025_raspored_kanala_po_teritorijama_uputstvo.mp4\"  title=\"\" target=\" _blank\">Upustvo za raspore\u0111ivanje kanala po teritorijama<\/a><\/h4><\/div><div class=\"clearfix\"><\/div><div class=\"data\"><p><\/p><\/div><div class=\"more\"><a class=\"btn\" href=\"https:\/\/mojago.tv\/usa\/wp-content\/uploads\/2025\/10\/05272025_raspored_kanala_po_teritorijama_uputstvo.mp4\"  title=\"\" target=\" _blank\">POGLEDAJ VIDEO<\/a><\/div><\/div><\/div>\r<!-- fancy-text-box -->\r[\/vc_column_inner][\/vc_row_inner][vc_empty_space height=&#8221;60px&#8221;][vc_custom_heading text=&#8221;\u010cesta pitanja i odgovori&#8221; font_container=&#8221;tag:h2|font_size:28px|text_align:left|line_height:27px&#8221; use_theme_fonts=&#8221;yes&#8221; css=&#8221;.vc_custom_1585240064736{margin-top: 0px !important;margin-bottom: 15px !important;padding-top: 0px !important;}&#8221;][vc_single_image image=&#8221;7134&#8221; img_size=&#8221;full&#8221; css=&#8221;.vc_custom_1585240089638{margin-bottom: 20px !important;}&#8221;][vc_row_inner css=&#8221;.vc_custom_1585230796731{margin-top: 0px !important;margin-right: 0px !important;margin-bottom: 0px !important;margin-left: 0px !important;padding-top: 45px !important;padding-right: 45px !important;padding-bottom: 45px !important;padding-left: 45px !important;background-color: #f4f5f6 !important;}&#8221;][vc_column_inner css=&#8221;.vc_custom_1585230506269{margin-top: 0px !important;margin-bottom: 28px !important;padding-top: 6px !important;padding-bottom: 6px !important;background-position: 0 0 !important;background-repeat: no-repeat !important;}&#8221;]<div class=\"rt-accordion element-five accord \"  ><div class=\"rt-accordion-item\"><div class=\"rt-accordion-item-title\"><div class=\"rt-accordion-item-title-icon\"><div class=\"symbol\"><\/div><\/div><h4 class=\"panel-title\">Molim vas za spisak kanala?<\/h4><\/div><div class=\"rt-accordion-item-body\"><\/p>\n<div class=\"rt-fancy-text-box element-three hover-active-on \" data-fancy-text-box-align=\"left\">\n<div class=\"holder matchHeight \" style=\"height: 187px;\">\n<div class=\"title\">\n<div class=\"pic\"><img loading=\"lazy\" decoding=\"async\" src=\"https:\/\/mojago.tv\/usa\/wp-content\/uploads\/2020\/04\/pdf.png\" alt=\"Uputstvo za instalaciju GO4TV STB ure\u0111aja\" width=\"64\" height=\"64\" data-no-retina=\"\" \/><\/div>\n<h4 class=\"fancy-text-tag\" style=\"font-size: 18px; line-height: 28px;\"><a href=\"https:\/\/mojago.tv\/wp-content\/uploads\/2025\/04\/MOVE-SPISAK-KANALA-2.pdf\" target=\"_blank\" rel=\"noopener noreferrer\">Spisak kanala<\/a><\/h4>\n<\/div>\n<div class=\"clearfix\"><\/div>\n<div class=\"data\"><\/div>\n<div class=\"more\"><a href=\"https:\/\/mojago.tv\/wp-content\/uploads\/2025\/04\/MOVE-SPISAK-KANALA-2.pdf\" target=\"_blank\" rel=\"noopener noreferrer\">POGLEDAJ PDF<\/a><\/div>\n<\/div>\n<\/div>\n<p><\/div><\/div><div class=\"rt-accordion-item\"><div class=\"rt-accordion-item-title\"><div class=\"rt-accordion-item-title-icon\"><div class=\"symbol\"><\/div><\/div><h4 class=\"panel-title\">\u0160ta mi je potrebno da bih koristio MOVE aplikaciju?<\/h4><\/div><div class=\"rt-accordion-item-body\">Da biste koristili MOVE aplikaciju, potrebno je da imate:<\/p>\n<ul>\n<li>internet<\/li>\n<li>jedan od podr\u017eanih ure\u0111aja ili\u00a0 STB ure\u0111aj<\/li>\n<li>aktiviranu MOVE aplikaciju<\/li>\n<\/ul>\n<p><\/div><\/div><div class=\"rt-accordion-item\"><div class=\"rt-accordion-item-title\"><div class=\"rt-accordion-item-title-icon\"><div class=\"symbol\"><\/div><\/div><h4 class=\"panel-title\">Koja minimalna brzina je potrebna za neometan rad Va\u0161eg servisa ?<\/h4><\/div><div class=\"rt-accordion-item-body\">Minimalna brzina za rad MOVE aplikacije je potrebno:<\/p>\n<ul>\n<li>2 Mb\/s ili vi\u0161e \u2013 kada kanale \u017eelite da pratite na telefonu ili tablet ure\u0111aju<\/li>\n<li>10 Mb\/s ili vi\u0161e \u2013 kada kanale pratite na jednom od ure\u0111aja:\u00a0 STB ure\u0111aj, Samsung Smart TV, Amazon Fire TV ili Apple TV ure\u0111ajima<\/li>\n<li>25 Mb\/s ili vi\u0161e \u2013 kada internet koristite na vi\u0161e ure\u0111aja istovremeno.<\/li>\n<\/ul>\n<p><\/div><\/div><div class=\"rt-accordion-item\"><div class=\"rt-accordion-item-title\"><div class=\"rt-accordion-item-title-icon\"><div class=\"symbol\"><\/div><\/div><h4 class=\"panel-title\">Na kojim ure\u0111ajima je podr\u017eana MOVE aplikacija?<\/h4><\/div><div class=\"rt-accordion-item-body\">Ukoliko posedujete jedan od navedenih ure\u0111aja, mo\u017eete odmah po\u010deti sa kori\u0161\u0107enjem MOVE aplikacije.<\/p>\n<p><strong>Set Top Box ure\u0111aj<\/strong> \u2013 narud\u017ebu mo\u017eete izvr\u0161iti online ili pozovite na\u0161 kontakt centar!<\/p>\n<p><strong>+Samsung Smart TV, modeli od 2019. god i noviji<br \/>\n+LG webOS 4.0, modeli od 2018. godine i noviji<br \/>\n+Android TV \u2013 Android 8.0 ili noviji<br \/>\n+iPhone\/iPad \u2013 iOS 13.0 ili noviji<br \/>\n+Android mobilni\/tablet \u2013 Android 5.0 ili noviji<br \/>\n+Amazon Fire TV\/stick<br \/>\n+box ure\u0111aj MK9<\/strong><\/div><\/div><div class=\"rt-accordion-item\"><div class=\"rt-accordion-item-title\"><div class=\"rt-accordion-item-title-icon\"><div class=\"symbol\"><\/div><\/div><h4 class=\"panel-title\">Da li postoji ugovorna obaveza?<\/h4><\/div><div class=\"rt-accordion-item-body\">Ugovorna obaveza ne postoji. Svi paketi su Prepiad, odnosno bez obaveze produ\u017eenja nakon isteka upla\u0107enog perioda.<\/div><\/div><div class=\"rt-accordion-item\"><div class=\"rt-accordion-item-title\"><div class=\"rt-accordion-item-title-icon\"><div class=\"symbol\"><\/div><\/div><h4 class=\"panel-title\">Koja je cena pretplate za Va\u0161e usluge?<\/h4><\/div><div class=\"rt-accordion-item-body\">Cena pretplate zavisi od paketa. Ponudu i cenu paketa mo\u017eete da vidite u svakom trenutku na na\u0161oj web stranici. Cena zavisi od teritorije na kojoj kupujete uslugu zbog razli\u010ditih poreza.<\/div><\/div><div class=\"rt-accordion-item\"><div class=\"rt-accordion-item-title\"><div class=\"rt-accordion-item-title-icon\"><div class=\"symbol\"><\/div><\/div><h4 class=\"panel-title\">Kako mogu da se prijavim za probni period od 7 dana?<\/h4><\/div><div class=\"rt-accordion-item-body\">Kako biste aktivirali besplatan test u trajanju od 15 dana, potrebno je da kliknete na \u00a0\u201ePROBAJ BESPLATNO\u201c. Popunite obrazac koji se otvara sa Va\u0161im podacima uklju\u010duju\u0107i Va\u0161e ime, prezime, kontakt telefon i email.Potom dobijate verifikacijski kod na kontakt telefon koji ste naveli, te vas molimo da nam javite kod putem emaila.\u00a0 Potom instalirajte na Va\u0161 ure\u0111aj aplikaciju MOVE. Aplikaciju preuzimate sa prodavnice na svoj ure\u0111aj. U polje za pretragu kucate &#8220;MOVE&#8221;.<br \/>\nZa iPhone i iPad ure\u0111aje pretra\u017eujete &#8220;MOVE TV&#8221;.<\/p>\n<p>Nakon \u0161to verifikujemo Va\u0161 broj\u00a0 nekoliko minuta na email koji ste naveli dobit \u0107ete poruku koja sadr\u017ei Username i Password s kojim mo\u017eete da se ulogujete u aplikaciju i u\u017eivate u vrhunskom TV sadr\u017eaju!<\/p>\n<p>*Napomena: U testnoj verziji nisu dostupni kanali Arene Sport<\/div><\/div><div class=\"rt-accordion-item\"><div class=\"rt-accordion-item-title\"><div class=\"rt-accordion-item-title-icon\"><div class=\"symbol\"><\/div><\/div><h4 class=\"panel-title\">Kako mogu da izvr\u0161im kupovinu \u017eeljenog paketa ?<\/h4><\/div><div class=\"rt-accordion-item-body\">Kupovinu na\u0161ih paketa mo\u017eete da izvr\u0161ite na dva na\u010dina:<\/p>\n<ul>\n<li>online<\/li>\n<li>pozivanjem korisni\u010dke slu\u017ebe<\/li>\n<\/ul>\n<p>Online kupovina podrazumijeva da izaberete paket i navedete potrebne informacije o pla\u0107anju.<\/p>\n<p>&nbsp;<\/p>\n<p>Pozovite: <a href=\"tel:0017739627548\">+1 773 598 5800<\/a><\/div><\/div><div class=\"rt-accordion-item\"><div class=\"rt-accordion-item-title\"><div class=\"rt-accordion-item-title-icon\"><div class=\"symbol\"><\/div><\/div><h4 class=\"panel-title\">Da li je mogu\u0107e gledanje ve\u0107 emitovanog TV sadr\u017eaja?<\/h4><\/div><div class=\"rt-accordion-item-body\">Da, ukoliko ti se desi da propusti\u0161 omiljeni sadr\u017eaj, usluga CATCH UP ti omogu\u0107ava da pogleda\u0161 ponovo. MTEL TV se prilago\u0111ava tebi i tvom rasporedu. Gledaj do 7 dana unazad.<\/div><\/div><div class=\"rt-accordion-item\"><div class=\"rt-accordion-item-title\"><div class=\"rt-accordion-item-title-icon\"><div class=\"symbol\"><\/div><\/div><h4 class=\"panel-title\">\u0160ta je MTEL TV STB ure\u0111aj , kako ga naru\u010diti i za koliko dana \u0107e sti\u0107i na adresu?<\/h4><\/div><div class=\"rt-accordion-item-body\">STB ure\u0111aj je TV resiver koji svaki televizor pretvara u ure\u0111aj na kojem mo\u017eete da koristite MTEL TV uslugu i gledate EX YU TV kanale. MTEL TV STB ure\u0111aj je malih dimenzija, lako se povezuje na Va\u0161 televizor, a jo\u0161 lak\u0161e instalira. Ure\u0111aj \u0107e sti\u0107i na Va\u0161u adresu koju ste naveli u roku od 5-7 radnih dana.<\/div><\/div><\/div>[\/vc_column_inner][\/vc_row_inner][\/vc_column][vc_column width=&#8221;1\/4&#8221; css=&#8221;.vc_custom_1518763663115{margin-top: 0px !important;margin-bottom: 0px !important;padding-top: 0px !important;}&#8221;][vc_row_inner css=&#8221;.vc_custom_1585159164333{margin-top: 0px !important;margin-bottom: 0px !important;padding-top: 0px !important;padding-bottom: 0px !important;background-position: center !important;background-repeat: no-repeat !important;background-size: cover !important;}&#8221; el_class=&#8221;box-shadow&#8221;][vc_column_inner css=&#8221;.vc_custom_1585230684715{margin-top: 0px !important;margin-bottom: 0px !important;padding-top: 35px !important;padding-right: 25px !important;padding-bottom: 50px !important;padding-left: 25px !important;background-color: #c51a1b !important;}&#8221;][vc_custom_heading text=&#8221;MOVE&#8221; font_container=&#8221;tag:h4|font_size:22px|text_align:center|color:%23ffffff|line_height:35px&#8221; use_theme_fonts=&#8221;yes&#8221; css=&#8221;.vc_custom_1721244904557{margin-top: 0px !important;margin-bottom: 0px !important;border-bottom-width: 1px !important;padding-top: 0px !important;padding-bottom: 16px !important;border-bottom-color: rgba(255,255,255,0.3) !important;border-bottom-style: solid !important;}&#8221;][vc_column_text css=&#8221;.vc_custom_1721244958519{margin-top: 18px !important;margin-bottom: 0px !important;padding-top: 0px !important;padding-bottom: 4px !important;}&#8221;]<\/p>\n<p style=\"text-align: center;\"><span style=\"color: #ffffff;\">Preuzmi aplikaciju 15 dana i uveri se u kvalitet usluge.<\/span><\/p>\n<p>[\/vc_column_text][vc_empty_space height=&#8221;12px&#8221;]\r<!-- rt-button2 -->\r<div class=\"rt-button2 element-two hover-style-one ex24f7d7eb7eb25bd  button-custom\"  data-button-direction=\"center\" data-button-fullwidth=\"false\" ><a style=\" color: #161617; font-size: 13px;\" class=\"rt-button2-main  vc_custom_1585728647817\" href=\"https:\/\/mojago.tv\/usa\/probaj-besplatno\/\"  title=\"Preuzmi besplatno\" target=\"_self\"><div class=\"overlay\"><\/div><div class=\"placeholder\">PROBAJ BESPLATNO<\/div><\/a><\/div>\r<!-- rt-button2 -->\r[\/vc_column_inner][\/vc_row_inner][vc_empty_space height=&#8221;22px&#8221;][vc_row_inner][vc_column_inner css=&#8221;.vc_custom_1585159331337{padding-right: 0px !important;padding-left: 0px !important;}&#8221;][vc_single_image image=&#8221;9371&#8221; img_size=&#8221;full&#8221; alignment=&#8221;center&#8221; onclick=&#8221;custom_link&#8221; el_class=&#8221;box-shadow&#8221; css=&#8221;.vc_custom_1721245074903{padding-right: 0px !important;padding-left: 0px !important;}&#8221;][\/vc_column_inner][\/vc_row_inner][\/vc_column][\/vc_row]<\/p>\n","protected":false},"excerpt":{"rendered":"<p>[vc_row full_width=&#8221;stretch_row&#8221; gap=&#8221;20&#8221; css_animation=&#8221;none&#8221; css=&#8221;.vc_custom_1762428511868{margin-top: 70px !important;margin-bottom: 70px !important;}&#8221;][vc_column css_animation=&#8221;none&#8221; width=&#8221;3\/4&#8221; css=&#8221;.vc_custom_1520490166476{margin-left: 0px !important;padding-top: 0px !important;padding-bottom: 0px !important;}&#8221;][vc_custom_heading text=&#8221;Uputstva za instalaciju i kori\u0161tenje ure\u0111aja&#8221; font_container=&#8221;tag:h2|font_size:28px|text_align:left|line_height:27px&#8221; use_theme_fonts=&#8221;yes&#8221; css=&#8221;.vc_custom_1585730584531{margin-top: 0px !important;margin-bottom: 15px !important;padding-top: 0px !important;}&#8221;][vc_single_image image=&#8221;7134&#8221; img_size=&#8221;full&#8221; css=&#8221;.vc_custom_1585240089638{margin-bottom: 20px !important;}&#8221;][vc_row_inner][vc_column_inner width=&#8221;1\/2&#8221;][vc_empty_space height=&#8221;20px&#8221;][vc_empty_space height=&#8221;20px&#8221;][\/vc_column_inner][vc_column_inner width=&#8221;1\/2&#8221;][vc_empty_space height=&#8221;20px&#8221;][vc_empty_space height=&#8221;20px&#8221;][\/vc_column_inner][\/vc_row_inner][vc_empty_space height=&#8221;60px&#8221;][vc_custom_heading text=&#8221;\u010cesta pitanja i odgovori&#8221; font_container=&#8221;tag:h2|font_size:28px|text_align:left|line_height:27px&#8221; use_theme_fonts=&#8221;yes&#8221; css=&#8221;.vc_custom_1585240064736{margin-top: 0px !important;margin-bottom: 15px [&hellip;]<\/p>\n","protected":false},"author":1,"featured_media":0,"parent":0,"menu_order":0,"comment_status":"closed","ping_status":"closed","template":"","meta":{"footnotes":""},"aioseo_notices":[],"_links":{"self":[{"href":"https:\/\/mojago.tv\/usa\/wp-json\/wp\/v2\/pages\/7045"}],"collection":[{"href":"https:\/\/mojago.tv\/usa\/wp-json\/wp\/v2\/pages"}],"about":[{"href":"https:\/\/mojago.tv\/usa\/wp-json\/wp\/v2\/types\/page"}],"author":[{"embeddable":true,"href":"https:\/\/mojago.tv\/usa\/wp-json\/wp\/v2\/users\/1"}],"replies":[{"embeddable":true,"href":"https:\/\/mojago.tv\/usa\/wp-json\/wp\/v2\/comments?post=7045"}],"version-history":[{"count":47,"href":"https:\/\/mojago.tv\/usa\/wp-json\/wp\/v2\/pages\/7045\/revisions"}],"predecessor-version":[{"id":9653,"href":"https:\/\/mojago.tv\/usa\/wp-json\/wp\/v2\/pages\/7045\/revisions\/9653"}],"wp:attachment":[{"href":"https:\/\/mojago.tv\/usa\/wp-json\/wp\/v2\/media?parent=7045"}],"curies":[{"name":"wp","href":"https:\/\/api.w.org\/{rel}","templated":true}]}}