{"id":7014,"date":"2020-03-25T14:36:21","date_gmt":"2020-03-25T14:36:21","guid":{"rendered":"https:\/\/mojago.tv\/usa\/?page_id=7014"},"modified":"2024-07-17T19:40:15","modified_gmt":"2024-07-17T19:40:15","slug":"kontakt","status":"publish","type":"page","link":"https:\/\/mojago.tv\/usa\/kontakt\/","title":{"rendered":"Kontakt"},"content":{"rendered":"<p>[vc_row full_width=&#8221;stretch_row&#8221; gap=&#8221;20&#8221; css_animation=&#8221;none&#8221; css=&#8221;.vc_custom_1599805807177{margin-top: 70px !important;background-color: #ffffff !important;}&#8221;][vc_column css_animation=&#8221;none&#8221; width=&#8221;3\/4&#8221; css=&#8221;.vc_custom_1520490166476{margin-left: 0px !important;padding-top: 0px !important;padding-bottom: 0px !important;}&#8221;][vc_row_inner css=&#8221;.vc_custom_1585231175554{margin-top: 0px !important;margin-right: 0px !important;margin-bottom: 0px !important;margin-left: 0px !important;padding-top: 45px !important;padding-right: 45px !important;padding-bottom: 45px !important;padding-left: 45px !important;background-color: #f4f5f6 !important;}&#8221;][vc_column_inner width=&#8221;11\/12&#8221; css=&#8221;.vc_custom_1585231317852{padding-top: 0px !important;}&#8221;][vc_custom_heading text=&#8221;Kontaktirajte nas&#8221; font_container=&#8221;tag:h3|font_size:36px|text_align:left|line_height:45px&#8221; use_theme_fonts=&#8221;yes&#8221; css_animation=&#8221;none&#8221; css=&#8221;.vc_custom_1585240213954{margin-top: 0px !important;margin-bottom: 15px !important;padding-top: 0px !important;padding-bottom: 0px !important;}&#8221;][vc_single_image image=&#8221;7134&#8221; img_size=&#8221;full&#8221; css=&#8221;.vc_custom_1585240243139{margin-bottom: 0px !important;}&#8221;][vc_custom_heading text=&#8221;Ostavite nam svoje podatke i na\u0161 tim \u0107e Vam pru\u017eiti podr\u0161ku.&#8221; font_container=&#8221;tag:p|font_size:20px|text_align:left&#8221; use_theme_fonts=&#8221;yes&#8221; css_animation=&#8221;none&#8221; css=&#8221;.vc_custom_1585155620804{margin-top: 10px !important;margin-bottom: 30px !important;}&#8221;]\r<!-- rt-cf7 -->\r<div class=\"radiant-contact-form rt72445c496e2fa3a element-one \"  >\n<div class=\"wpcf7 no-js\" id=\"wpcf7-f7041-o1\" lang=\"en-US\" dir=\"ltr\">\n<div class=\"screen-reader-response\"><p role=\"status\" aria-live=\"polite\" aria-atomic=\"true\"><\/p> <ul><\/ul><\/div>\n<form action=\"\/usa\/wp-json\/wp\/v2\/pages\/7014#wpcf7-f7041-o1\" method=\"post\" class=\"wpcf7-form init\" aria-label=\"Contact form\" novalidate=\"novalidate\" data-status=\"init\">\n<div style=\"display: none;\">\n<input type=\"hidden\" name=\"_wpcf7\" value=\"7041\" \/>\n<input type=\"hidden\" name=\"_wpcf7_version\" value=\"5.8.6\" \/>\n<input type=\"hidden\" name=\"_wpcf7_locale\" value=\"en_US\" \/>\n<input type=\"hidden\" name=\"_wpcf7_unit_tag\" value=\"wpcf7-f7041-o1\" \/>\n<input type=\"hidden\" name=\"_wpcf7_container_post\" value=\"0\" \/>\n<input type=\"hidden\" name=\"_wpcf7_posted_data_hash\" value=\"\" \/>\n<input type=\"hidden\" name=\"_wpcf7_recaptcha_response\" value=\"\" \/>\n<\/div>\n<div class=\"row\">\n\t<div class=\"col-lg-6 col-md-6 col-sm-12 col-xs-12\">\n\t\t<div class=\"form-row\">\n\t\t\t<p><span class=\"wpcf7-form-control-wrap\" data-name=\"Name\"><input size=\"40\" class=\"wpcf7-form-control wpcf7-text wpcf7-validates-as-required\" aria-required=\"true\" aria-invalid=\"false\" placeholder=\"Ime i prezime:\" value=\"\" type=\"text\" name=\"Name\" \/><\/span>\n\t\t\t<\/p>\n\t\t<\/div>\n\t\t<div class=\"form-row\">\n\t\t\t<p><span class=\"wpcf7-form-control-wrap\" data-name=\"tel\"><input size=\"40\" class=\"wpcf7-form-control wpcf7-text wpcf7-validates-as-required\" aria-required=\"true\" aria-invalid=\"false\" placeholder=\"Telefon:\" value=\"\" type=\"text\" name=\"tel\" \/><\/span>\n\t\t\t<\/p>\n\t\t<\/div>\n\t\t<div class=\"form-row\">\n\t\t\t<p><span class=\"wpcf7-form-control-wrap\" data-name=\"email\"><input size=\"40\" class=\"wpcf7-form-control wpcf7-email wpcf7-validates-as-required wpcf7-text wpcf7-validates-as-email\" aria-required=\"true\" aria-invalid=\"false\" placeholder=\"E-mail:\" value=\"\" type=\"email\" name=\"email\" \/><\/span>\n\t\t\t<\/p>\n\t\t<\/div>\n\t<\/div>\n\t<div class=\"col-lg-6 col-md-6 col-sm-12 col-xs-12\">\n\t\t<div class=\"form-row \">\n\t\t\t<p><span class=\"wpcf7-form-control-wrap\" data-name=\"message\"><textarea cols=\"40\" rows=\"10\" class=\"wpcf7-form-control wpcf7-textarea wpcf7-validates-as-required\" aria-required=\"true\" aria-invalid=\"false\" placeholder=\"Poruka:\" name=\"message\"><\/textarea><\/span>\n\t\t\t<\/p>\n\t\t<\/div>\n\t<\/div>\n\t<div class=\"col-lg-12 col-md-12 col-sm-12 col-xs-12\">\n\t\t<div class=\"form-row \">\n\t\t\t<p><label><span class=\"wpcf7-form-control-wrap\" data-name=\"checkbox-778\"><span class=\"wpcf7-form-control wpcf7-checkbox\"><span class=\"wpcf7-list-item first last\"><input type=\"checkbox\" name=\"checkbox-778[]\" value=\"\" \/><span class=\"wpcf7-list-item-label\"><\/span><\/span><\/span><\/span> Saglasan sam da se moji li\u010dni podaci koriste, obra\u0111uju i pohranjuju od strane Moja GO TV. Vi\u0161e na <a href=\"https:\/\/mojago.tv\/usa\/pravila-zastite-osobnih-podataka\/\" target=\"_blank\"> Pravila za\u0161tite osobnih podataka.<\/a><br \/>\n<\/label>\n\t\t\t<\/p>\n\t\t<\/div>\n\t<\/div>\n\t<div class=\"col-lg-4 col-md-4 col-sm-12 col-xs-12\">\n\t\t<div class=\"form-row last button text-center\">\n\t\t\t<p><input class=\"wpcf7-form-control wpcf7-submit has-spinner custom-btn-submit2\" type=\"submit\" value=\"Po\u0161aljite poruku\" \/>\n\t\t\t<\/p>\n\t\t<\/div>\n\t<\/div>\n\t<div class=\"col-lg-8 col-md-8 col-sm-12 col-xs-12\">\n\t<\/div>\n<\/div><div class=\"wpcf7-response-output\" aria-hidden=\"true\"><\/div>\n<\/form>\n<\/div>\n<\/div>\r<!-- rt-cf7 -->\r[\/vc_column_inner][vc_column_inner width=&#8221;1\/12&#8221;][\/vc_column_inner][\/vc_row_inner][vc_row_inner equal_height=&#8221;yes&#8221; disable_element=&#8221;yes&#8221; css=&#8221;.vc_custom_1599805784168{padding-top: 35px !important;}&#8221;][vc_column_inner el_class=&#8221;border-right&#8221; width=&#8221;1\/3&#8221;][vc_single_image image=&#8221;6579&#8221; img_size=&#8221;full&#8221; alignment=&#8221;center&#8221; css=&#8221;.vc_custom_1519808619949{margin-top: 0px !important;margin-bottom: 10px !important;padding-top: 0px !important;padding-bottom: 0px !important;}&#8221;][vc_custom_heading text=&#8221;TELEFON&#8221; font_container=&#8221;tag:h3|font_size:16px|text_align:center|line_height:24px&#8221; use_theme_fonts=&#8221;yes&#8221;][vc_column_text css_animation=&#8221;none&#8221; css=&#8221;.vc_custom_1585145419399{margin-top: 15px !important;margin-bottom: 0px !important;padding-top: 0px !important;padding-right: 0px !important;padding-bottom: 0px !important;padding-left: 0px !important;}&#8221;]<\/p>\n<p style=\"text-align: center;\">Kontakt centar:<\/p>\n<p>[\/vc_column_text][vc_custom_heading text=&#8221;+1 773 598 5800&#8221; font_container=&#8221;tag:h4|font_size:16px|text_align:center|line_height:24px&#8221; use_theme_fonts=&#8221;yes&#8221; css=&#8221;.vc_custom_1599745587571{margin-top: 0px !important;margin-bottom: 0px !important;padding-top: 0px !important;padding-bottom: 0px !important;}&#8221;][vc_column_text css_animation=&#8221;none&#8221; css=&#8221;.vc_custom_1596538102694{margin-top: 15px !important;margin-bottom: 0px !important;padding-top: 0px !important;padding-right: 0px !important;padding-bottom: 0px !important;padding-left: 0px !important;}&#8221;]<\/p>\n<p style=\"text-align: center;\">Tehni\u010dka podr\u0161ka:<\/p>\n<p>[\/vc_column_text][vc_custom_heading text=&#8221;+13128707585&#8221; font_container=&#8221;tag:h4|font_size:16px|text_align:center|line_height:24px&#8221; use_theme_fonts=&#8221;yes&#8221; css=&#8221;.vc_custom_1596537984047{margin-top: 0px !important;margin-bottom: 0px !important;padding-top: 0px !important;padding-bottom: 0px !important;}&#8221;][vc_custom_heading text=&#8221;support@go4yu.com&#8221; font_container=&#8221;tag:h4|font_size:16px|text_align:center|line_height:24px&#8221; use_theme_fonts=&#8221;yes&#8221; css=&#8221;.vc_custom_1596538015602{margin-top: 0px !important;margin-bottom: 0px !important;padding-top: 0px !important;padding-bottom: 0px !important;}&#8221;][\/vc_column_inner][vc_column_inner el_class=&#8221;border-right&#8221; width=&#8221;1\/3&#8221;][vc_single_image image=&#8221;6580&#8221; img_size=&#8221;full&#8221; alignment=&#8221;center&#8221; css=&#8221;.vc_custom_1519808670681{margin-top: 0px !important;margin-bottom: 10px !important;padding-top: 0px !important;padding-bottom: 0px !important;}&#8221;][vc_custom_heading text=&#8221;E-MAIL&#8221; font_container=&#8221;tag:h3|font_size:16px|text_align:center|line_height:24px&#8221; use_theme_fonts=&#8221;yes&#8221;][vc_column_text css_animation=&#8221;none&#8221; css=&#8221;.vc_custom_1585145477991{margin-top: 15px !important;margin-bottom: 0px !important;padding-top: 0px !important;padding-right: 0px !important;padding-bottom: 0px !important;padding-left: 0px !important;}&#8221;]<\/p>\n<p style=\"text-align: center;\">Po\u0161aljite email:<\/p>\n<p>[\/vc_column_text][vc_custom_heading text=&#8221;usa@mojago.tv&#8221; font_container=&#8221;tag:h4|font_size:16px|text_align:center|line_height:24px&#8221; use_theme_fonts=&#8221;yes&#8221; css=&#8221;.vc_custom_1596611717776{margin-top: 0px !important;margin-bottom: 0px !important;padding-top: 0px !important;padding-bottom: 0px !important;}&#8221;][\/vc_column_inner][vc_column_inner width=&#8221;1\/3&#8221;][vc_single_image image=&#8221;7022&#8221; img_size=&#8221;full&#8221; alignment=&#8221;center&#8221; css=&#8221;.vc_custom_1585145857760{margin-top: 0px !important;margin-bottom: 10px !important;padding-top: 0px !important;padding-bottom: 0px !important;}&#8221;][vc_custom_heading text=&#8221;FACEBOOK&#8221; font_container=&#8221;tag:h3|font_size:16px|text_align:center|line_height:24px&#8221; use_theme_fonts=&#8221;yes&#8221;][vc_column_text css_animation=&#8221;none&#8221; css=&#8221;.vc_custom_1585145498083{margin-top: 15px !important;margin-bottom: 0px !important;padding-top: 0px !important;padding-right: 0px !important;padding-bottom: 0px !important;padding-left: 0px !important;}&#8221;]<\/p>\n<p style=\"text-align: center;\">Kontaktirajte nas:<\/p>\n<p>[\/vc_column_text][vc_custom_heading text=&#8221;Po\u0161aljite poruku&#8221; font_container=&#8221;tag:h4|font_size:16px|text_align:center|line_height:24px&#8221; use_theme_fonts=&#8221;yes&#8221; css=&#8221;.vc_custom_1585745853452{margin-top: 0px !important;margin-bottom: 0px !important;padding-top: 0px !important;padding-bottom: 0px !important;}&#8221; link=&#8221;url:https%3A%2F%2Fwww.facebook.com%2FGO4YU-Partner-Moja-GO-TV-114851746822531%2F%3Fmodal%3Dadmin_todo_tour||target:%20_blank|&#8221;][\/vc_column_inner][\/vc_row_inner][\/vc_column][vc_column width=&#8221;1\/4&#8221; css=&#8221;.vc_custom_1518763663115{margin-top: 0px !important;margin-bottom: 0px !important;padding-top: 0px !important;}&#8221;][vc_row_inner css=&#8221;.vc_custom_1585159164333{margin-top: 0px !important;margin-bottom: 0px !important;padding-top: 0px !important;padding-bottom: 0px !important;background-position: center !important;background-repeat: no-repeat !important;background-size: cover !important;}&#8221; el_class=&#8221;box-shadow&#8221;][vc_column_inner css=&#8221;.vc_custom_1585230684715{margin-top: 0px !important;margin-bottom: 0px !important;padding-top: 35px !important;padding-right: 25px !important;padding-bottom: 50px !important;padding-left: 25px !important;background-color: #c51a1b !important;}&#8221;][vc_custom_heading text=&#8221;MOVE&#8221; font_container=&#8221;tag:h4|font_size:22px|text_align:center|color:%23ffffff|line_height:35px&#8221; use_theme_fonts=&#8221;yes&#8221; css=&#8221;.vc_custom_1721245184884{margin-top: 0px !important;margin-bottom: 0px !important;border-bottom-width: 1px !important;padding-top: 0px !important;padding-bottom: 16px !important;border-bottom-color: rgba(255,255,255,0.3) !important;border-bottom-style: solid !important;}&#8221;][vc_column_text css=&#8221;.vc_custom_1721245195732{margin-top: 18px !important;margin-bottom: 0px !important;padding-top: 0px !important;padding-bottom: 4px !important;}&#8221;]<\/p>\n<p style=\"text-align: center;\"><span style=\"color: #ffffff;\">Preuzmi aplikaciju 15 dana i uveri se u kvalitet usluge.<\/span><\/p>\n<p>[\/vc_column_text][vc_empty_space height=&#8221;12px&#8221;]\r<!-- rt-button2 -->\r<div class=\"rt-button2 element-two hover-style-one ex991ef79a5da3854  button-custom\"  data-button-direction=\"center\" data-button-fullwidth=\"false\" ><a style=\" color: #161617; font-size: 13px;\" class=\"rt-button2-main  vc_custom_1585728670594\" href=\"https:\/\/mojago.tv\/usa\/probaj-besplatno\/\"  title=\"Preuzmi besplatno\" target=\"_self\"><div class=\"overlay\"><\/div><div class=\"placeholder\">PROBAJ BESPLATNO<\/div><\/a><\/div>\r<!-- rt-button2 -->\r[\/vc_column_inner][\/vc_row_inner][vc_empty_space height=&#8221;22px&#8221;][vc_row_inner][vc_column_inner css=&#8221;.vc_custom_1585159331337{padding-right: 0px !important;padding-left: 0px !important;}&#8221;][vc_single_image image=&#8221;8403&#8221; img_size=&#8221;full&#8221; alignment=&#8221;center&#8221; onclick=&#8221;custom_link&#8221; el_class=&#8221;box-shadow&#8221; css=&#8221;.vc_custom_1617259993626{padding-right: 0px !important;padding-left: 0px !important;}&#8221;][\/vc_column_inner][\/vc_row_inner][\/vc_column][\/vc_row][vc_row css=&#8221;.vc_custom_1599805813663{margin-bottom: 70px !important;}&#8221;][vc_column css=&#8221;.vc_custom_1599805859106{padding-top: 0px !important;}&#8221;][vc_custom_heading text=&#8221;Javite nam se putem telefona, emaila ili facebooka&#8221; font_container=&#8221;tag:h4|font_size:25px|text_align:center|line_height:27px&#8221; use_theme_fonts=&#8221;yes&#8221; css_animation=&#8221;none&#8221; css=&#8221;.vc_custom_1599805864505{margin-top: 0px !important;margin-bottom: 15px !important;padding-top: 0px !important;padding-bottom: 0px !important;}&#8221;][vc_single_image image=&#8221;7134&#8221; img_size=&#8221;full&#8221; alignment=&#8221;center&#8221; css=&#8221;.vc_custom_1585240278093{margin-bottom: 0px !important;}&#8221;][vc_row_inner equal_height=&#8221;yes&#8221; css=&#8221;.vc_custom_1585231544573{padding-top: 35px !important;}&#8221;][vc_column_inner el_class=&#8221;border-right&#8221; width=&#8221;1\/4&#8221;][vc_single_image image=&#8221;6579&#8221; img_size=&#8221;full&#8221; alignment=&#8221;center&#8221; css=&#8221;.vc_custom_1519808619949{margin-top: 0px !important;margin-bottom: 10px !important;padding-top: 0px !important;padding-bottom: 0px !important;}&#8221;][vc_custom_heading text=&#8221;TELEFON&#8221; font_container=&#8221;tag:h3|font_size:16px|text_align:center|line_height:24px&#8221; use_theme_fonts=&#8221;yes&#8221;][vc_column_text css_animation=&#8221;none&#8221; css=&#8221;.vc_custom_1585145419399{margin-top: 15px !important;margin-bottom: 0px !important;padding-top: 0px !important;padding-right: 0px !important;padding-bottom: 0px !important;padding-left: 0px !important;}&#8221;]<\/p>\n<p style=\"text-align: center;\">Kontakt centar:<\/p>\n<p>[\/vc_column_text][vc_custom_heading text=&#8221;+1 773 598 5800&#8221; font_container=&#8221;tag:h4|font_size:16px|text_align:center|line_height:24px&#8221; use_theme_fonts=&#8221;yes&#8221; css=&#8221;.vc_custom_1611839653605{margin-top: 0px !important;margin-bottom: 0px !important;padding-top: 0px !important;padding-bottom: 0px !important;}&#8221; link=&#8221;url:tel%3A0017735985800|||&#8221;][vc_column_text css_animation=&#8221;none&#8221; css=&#8221;.vc_custom_1596538102694{margin-top: 15px !important;margin-bottom: 0px !important;padding-top: 0px !important;padding-right: 0px !important;padding-bottom: 0px !important;padding-left: 0px !important;}&#8221;]<\/p>\n<p style=\"text-align: center;\">Tehni\u010dka podr\u0161ka:<\/p>\n<p>[\/vc_column_text][vc_custom_heading text=&#8221;+13128707585&#8221; font_container=&#8221;tag:h4|font_size:16px|text_align:center|line_height:24px&#8221; use_theme_fonts=&#8221;yes&#8221; css=&#8221;.vc_custom_1611839680947{margin-top: 0px !important;margin-bottom: 0px !important;padding-top: 0px !important;padding-bottom: 0px !important;}&#8221; link=&#8221;url:tel%3A0013128707585|||&#8221;][vc_custom_heading text=&#8221;support@mtel.global&#8221; font_container=&#8221;tag:h4|font_size:16px|text_align:center|line_height:24px&#8221; use_theme_fonts=&#8221;yes&#8221; css=&#8221;.vc_custom_1612899263161{margin-top: 0px !important;margin-bottom: 0px !important;padding-top: 0px !important;padding-bottom: 0px !important;}&#8221;][\/vc_column_inner][vc_column_inner el_class=&#8221;border-right&#8221; width=&#8221;1\/4&#8221;][vc_single_image image=&#8221;7896&#8221; img_size=&#8221;full&#8221; alignment=&#8221;center&#8221; css=&#8221;.vc_custom_1599805595728{margin-top: 0px !important;margin-bottom: 10px !important;padding-top: 0px !important;padding-bottom: 0px !important;}&#8221;][vc_custom_heading text=&#8221;RADNO VRIJEME&#8221; font_container=&#8221;tag:h3|font_size:16px|text_align:center|line_height:24px&#8221; use_theme_fonts=&#8221;yes&#8221;][vc_custom_heading text=&#8221;Pon &#8211; Pet: <strong>Central time 13h-16h<\/strong>&#8221; font_container=&#8221;tag:h4|font_size:14px|text_align:center|line_height:24px&#8221; use_theme_fonts=&#8221;yes&#8221; css=&#8221;.vc_custom_1599805639576{margin-top: 15px !important;margin-bottom: 0px !important;padding-top: 0px !important;padding-bottom: 0px !important;}&#8221;][vc_custom_heading text=&#8221;Subota: <strong>10h-14h<\/strong>&#8221; font_container=&#8221;tag:h4|font_size:14px|text_align:center|line_height:24px&#8221; use_theme_fonts=&#8221;yes&#8221; css=&#8221;.vc_custom_1599805739975{margin-top: 8px !important;margin-bottom: 0px !important;padding-top: 0px !important;padding-bottom: 0px !important;}&#8221;][vc_custom_heading text=&#8221;Ako zovete izvan radnog vremena, molimo ostavite nam poruku i kontaktirat \u0107emo Vas u najkra\u0107em roku.&#8221; font_container=&#8221;tag:p|font_size:14px|text_align:center|line_height:24px&#8221; use_theme_fonts=&#8221;yes&#8221; css=&#8221;.vc_custom_1599807232563{margin-top: 15px !important;margin-bottom: 0px !important;padding-top: 0px !important;padding-bottom: 0px !important;}&#8221;][\/vc_column_inner][vc_column_inner el_class=&#8221;border-right&#8221; width=&#8221;1\/4&#8221;][vc_single_image image=&#8221;6580&#8221; img_size=&#8221;full&#8221; alignment=&#8221;center&#8221; css=&#8221;.vc_custom_1519808670681{margin-top: 0px !important;margin-bottom: 10px !important;padding-top: 0px !important;padding-bottom: 0px !important;}&#8221;][vc_custom_heading text=&#8221;E-MAIL&#8221; font_container=&#8221;tag:h3|font_size:16px|text_align:center|line_height:24px&#8221; use_theme_fonts=&#8221;yes&#8221;][vc_column_text css_animation=&#8221;none&#8221; css=&#8221;.vc_custom_1585145477991{margin-top: 15px !important;margin-bottom: 0px !important;padding-top: 0px !important;padding-right: 0px !important;padding-bottom: 0px !important;padding-left: 0px !important;}&#8221;]<\/p>\n<p style=\"text-align: center;\">Po\u0161aljite email:<\/p>\n<p>[\/vc_column_text][vc_custom_heading text=&#8221;usa@mojago.tv&#8221; font_container=&#8221;tag:h4|font_size:16px|text_align:center|line_height:24px&#8221; use_theme_fonts=&#8221;yes&#8221; css=&#8221;.vc_custom_1596611717776{margin-top: 0px !important;margin-bottom: 0px !important;padding-top: 0px !important;padding-bottom: 0px !important;}&#8221;][\/vc_column_inner][vc_column_inner width=&#8221;1\/4&#8221;][vc_single_image image=&#8221;7022&#8221; img_size=&#8221;full&#8221; alignment=&#8221;center&#8221; css=&#8221;.vc_custom_1585145857760{margin-top: 0px !important;margin-bottom: 10px !important;padding-top: 0px !important;padding-bottom: 0px !important;}&#8221;][vc_custom_heading text=&#8221;FACEBOOK&#8221; font_container=&#8221;tag:h3|font_size:16px|text_align:center|line_height:24px&#8221; use_theme_fonts=&#8221;yes&#8221;][vc_column_text css_animation=&#8221;none&#8221; css=&#8221;.vc_custom_1585145498083{margin-top: 15px !important;margin-bottom: 0px !important;padding-top: 0px !important;padding-right: 0px !important;padding-bottom: 0px !important;padding-left: 0px !important;}&#8221;]<\/p>\n<p style=\"text-align: center;\">Kontaktirajte nas:<\/p>\n<p>[\/vc_column_text][vc_custom_heading text=&#8221;Po\u0161aljite poruku&#8221; font_container=&#8221;tag:h4|font_size:16px|text_align:center|line_height:24px&#8221; use_theme_fonts=&#8221;yes&#8221; css=&#8221;.vc_custom_1585745853452{margin-top: 0px !important;margin-bottom: 0px !important;padding-top: 0px !important;padding-bottom: 0px !important;}&#8221; link=&#8221;url:https%3A%2F%2Fwww.facebook.com%2FGO4YU-Partner-Moja-GO-TV-114851746822531%2F%3Fmodal%3Dadmin_todo_tour||target:%20_blank|&#8221;][\/vc_column_inner][\/vc_row_inner][\/vc_column][\/vc_row]<\/p>\n","protected":false},"excerpt":{"rendered":"<p>[vc_row full_width=&#8221;stretch_row&#8221; gap=&#8221;20&#8221; css_animation=&#8221;none&#8221; css=&#8221;.vc_custom_1599805807177{margin-top: 70px !important;background-color: #ffffff !important;}&#8221;][vc_column css_animation=&#8221;none&#8221; width=&#8221;3\/4&#8221; css=&#8221;.vc_custom_1520490166476{margin-left: 0px !important;padding-top: 0px !important;padding-bottom: 0px !important;}&#8221;][vc_row_inner css=&#8221;.vc_custom_1585231175554{margin-top: 0px !important;margin-right: 0px !important;margin-bottom: 0px !important;margin-left: 0px !important;padding-top: 45px !important;padding-right: 45px !important;padding-bottom: 45px !important;padding-left: 45px !important;background-color: #f4f5f6 !important;}&#8221;][vc_column_inner width=&#8221;11\/12&#8221; css=&#8221;.vc_custom_1585231317852{padding-top: 0px !important;}&#8221;][vc_custom_heading text=&#8221;Kontaktirajte nas&#8221; font_container=&#8221;tag:h3|font_size:36px|text_align:left|line_height:45px&#8221; use_theme_fonts=&#8221;yes&#8221; css_animation=&#8221;none&#8221; css=&#8221;.vc_custom_1585240213954{margin-top: 0px !important;margin-bottom: 15px !important;padding-top: 0px !important;padding-bottom: 0px !important;}&#8221;][vc_single_image [&hellip;]<\/p>\n","protected":false},"author":1,"featured_media":0,"parent":0,"menu_order":0,"comment_status":"closed","ping_status":"closed","template":"","meta":{"footnotes":""},"aioseo_notices":[],"_links":{"self":[{"href":"https:\/\/mojago.tv\/usa\/wp-json\/wp\/v2\/pages\/7014"}],"collection":[{"href":"https:\/\/mojago.tv\/usa\/wp-json\/wp\/v2\/pages"}],"about":[{"href":"https:\/\/mojago.tv\/usa\/wp-json\/wp\/v2\/types\/page"}],"author":[{"embeddable":true,"href":"https:\/\/mojago.tv\/usa\/wp-json\/wp\/v2\/users\/1"}],"replies":[{"embeddable":true,"href":"https:\/\/mojago.tv\/usa\/wp-json\/wp\/v2\/comments?post=7014"}],"version-history":[{"count":55,"href":"https:\/\/mojago.tv\/usa\/wp-json\/wp\/v2\/pages\/7014\/revisions"}],"predecessor-version":[{"id":9373,"href":"https:\/\/mojago.tv\/usa\/wp-json\/wp\/v2\/pages\/7014\/revisions\/9373"}],"wp:attachment":[{"href":"https:\/\/mojago.tv\/usa\/wp-json\/wp\/v2\/media?parent=7014"}],"curies":[{"name":"wp","href":"https:\/\/api.w.org\/{rel}","templated":true}]}}