{"id":6995,"date":"2020-03-25T13:58:48","date_gmt":"2020-03-25T13:58:48","guid":{"rendered":"https:\/\/mojago.tv\/usa\/?page_id=6995"},"modified":"2020-10-22T19:12:54","modified_gmt":"2020-10-22T19:12:54","slug":"pravila-zastite-osobnih-podataka","status":"publish","type":"page","link":"https:\/\/mojago.tv\/usa\/pravila-zastite-osobnih-podataka\/","title":{"rendered":"Pravila za\u0161tite osobnih podataka"},"content":{"rendered":"<p>[vc_row css=&#8221;.vc_custom_1585154612958{margin-top: 70px !important;}&#8221;][vc_column][vc_custom_heading text=&#8221;Pravila za\u0161tite osobnih podataka&#8221; use_theme_fonts=&#8221;yes&#8221; css=&#8221;.vc_custom_1585143997504{padding-bottom: 20px !important;}&#8221;][vc_column_text]<\/p>\n<p style=\"text-align: justify;\">Ova pravila odre\u0111uju i reguliraju kako Moja GO TV INC koristi i \u0161titi sve informacije koje fizi\u010dke osobe ostavljaju kada koriste web stranicu: <a href=\"https:\/\/mojago.tv\/usa\/\">www.mojago.tv<\/a>\u00a0 Moja GO TV INC sa registrovanom djelatnos\u0107u u Chikagu (kao Trikserina firma koristi brend i usluge Triksere d.o.o.). Moja GO TV\u00a0 INC po\u0161tuje Va\u0161u privatnost tako da veliku va\u017enost pridaje za\u0161titi osobnih podataka poduzimaju\u0107i sve potrebne tehni\u010dke i organizacijske mjere u skladu s najboljom praksom i obavezama koje propisuje Op\u0107a uredba o za\u0161titi podataka (GDPR). Za\u0161titu Va\u0161ih osobnih podataka shva\u0107amo ozbiljno, i \u017eelimo da se osje\u0107ate ugodno i sigurno kada posje\u0107ujete na\u0161u internetsku stranicu.<\/p>\n<p>[\/vc_column_text][\/vc_column][\/vc_row][vc_row css=&#8221;.vc_custom_1585154623362{margin-bottom: 70px !important;}&#8221;][vc_column][vc_column_text css=&#8221;.vc_custom_1585154049396{margin-bottom: 25px !important;}&#8221;]<\/p>\n<h4>\u0160ta su osobni podatci?<\/h4>\n<p style=\"text-align: justify;\">Osobni podatak je svaka informacija koja se odnosi na odre\u0111enu fizi\u010dku osobu. Konkretno, osobnim podacima se smatraju svi podaci kojima se utvr\u0111uje identitet osobe (primjer: ime, prezime, kontakt telefon, email, adresa i sli\u010dno).<\/p>\n<p>[\/vc_column_text][vc_column_text css=&#8221;.vc_custom_1603393931072{margin-bottom: 25px !important;}&#8221;]<\/p>\n<h4>Na\u010din i svrha osobnih podataka<\/h4>\n<p style=\"text-align: justify;\">Pristup internetskoj stranici <a href=\"https:\/\/mojago.tv\/usa\/\">www.mojago.tv<\/a> je slobodan i ne zahteva registraciju. Ako nam se obratite s va\u0161im upitima, podatke koje nam pri tome dostavite koristimo za pru\u017eanje tra\u017eenih informacija.<\/p>\n<p style=\"text-align: justify;\">Prihva\u0107anjem ove izjave dajete saglasnost da Moja GO TV INC obra\u0111uje Va\u0161e osobne podatke navedene u Va\u0161em upitu ili u web obrazcu. Isti podaci se koriste u svrhu omogu\u0107avanja korisni\u010dke podr\u0161ke, u informativne svrhe, te svrhe promocije usluga i proizvoda, kao i u svrhu povremenog organiziranja nagradnih igara uz obavezne mjere povjerljivosti i za\u0161tite podataka. S podacima koje ste nam povjerili, odnosno koje smo prikupili postupamo strogo povjerljivo i krajnje odgovorno. Stoga \u0107emo Vas izvje\u0161tavati sukladno va\u017ee\u0107im odredbama o za\u0161titi podataka (GDPR, Op\u0107a uredba o za\u0161titi osobnih podataka 2018).<\/p>\n<p>[\/vc_column_text][vc_column_text css=&#8221;.vc_custom_1596736349322{margin-bottom: 25px !important;}&#8221;]<\/p>\n<h4>Kako \u0161titimo osobne podatke?<\/h4>\n<p style=\"text-align: justify;\">Radimo sve \u0161to je u na\u0161oj mo\u0107i kako bi Va\u0161 posjet na\u0161oj stranici bio \u0161to sigurniji. Prikupljene osobne podatke obra\u0111ujemo uz obaveznu primjenu odgovaraju\u0107ih pravnih, tehni\u010dkih i organizacijskih mera sigurnosti kako bismo spre\u010dili svaku neovla\u0161tenu obradu podataka. Pristup Va\u0161im osobnim podacima ograni\u010den je samo na one zaposlenike kojima su te informacije nu\u017ene u pru\u017eanju na\u0161ih usluga. Kontinuirano educiramo na\u0161e zaposlenike o va\u017enosti povjerljivosti podataka te \u010duvanju privatnosti i za\u0161titi va\u0161ih podataka. Sve ove mere su a\u017eurirane u odgovaraju\u0107oj meri i odgovaraju trenutnom stanju tehnologije.<\/p>\n<p>[\/vc_column_text][vc_column_text css=&#8221;.vc_custom_1603393962672{margin-bottom: 25px !important;}&#8221;]<\/p>\n<h4>Da li delimo Va\u0161e informacije sa drugima?<\/h4>\n<p style=\"text-align: justify;\">Sve gore navedene podatke Moja GO TV INC ne smije neovla\u0161teno upotrebljavati niti u\u010diniti dostupnim tre\u0107im osobama, osim ako to nije potrebno za ispunjavanje na\u0161ih obaveza ili ako se to ne zahteva da bi se postupilo u skladu s va\u017ee\u0107im zakonima\/zahtjevima dr\u017eavnih tijela. Svi na\u0161i zaposlenici i partneri odgovorni su za po\u0161tivanje na\u010dela za\u0161tite privatnosti.<\/p>\n<p>[\/vc_column_text][vc_column_text css=&#8221;.vc_custom_1596736563828{margin-bottom: 25px !important;}&#8221;]<\/p>\n<h4>Va\u0161a prava?<\/h4>\n<p style=\"text-align: justify;\">U skladu s Op\u0107om uredbom o za\u0161titi osobnih podataka (GDPR) u svakom trenutku imate pravo pristupa, ispravljanja, brisanja, ograni\u010denja obrade i prenosivosti podataka, kao i pravo na prigovor.<\/p>\n<p style=\"text-align: justify;\">U svakom trenutku imate pravo zatra\u017eiti informacije o Va\u0161im podacima koji su pohranjeni kod nas, podatke o poreklu informacija, primateljima ili kategorijama primatelja kojima su informacije prosle\u0111ene, te informacije o svrsi pohrane. Molimo da uputite sve zahteve za informacijama, upite o podacima ili pritu\u017ebama vezano za obradu podataka, na e-mail adresu: <a href=\"mailto:office@mojago.tv\">office@mojago.tv<\/a>.<\/p>\n<p style=\"text-align: justify;\">Sukladno va\u017ee\u0107im zakonskim propisima kojima je regulirana za\u0161tita osobnih podataka svaki zahtjev\/upit bit \u0107e re\u0161en \u0161to je pre mogu\u0107e, a najkasnije u roku od 30 dana od zaprimanja.<\/p>\n<p style=\"text-align: justify;\">Tako\u0111er mo\u017eete povu\u0107i izjavu o saglasnosti za obradu u bilo koje vreme, bez navo\u0111enja razloga, kako biste spre\u010dili daljnju obradu Va\u0161ih osobnih podataka prikupljenih i kori\u0161tenih na temelju izjave o saglasnosti. Izjavu o saglasnosti mo\u017eete povu\u0107i u svakom trenutku slanjem maila na adresu: <a href=\"mailto:office@mojago.tv\">office@mojago.tv<\/a>.<\/p>\n<p style=\"text-align: justify;\">Ukoliko smatrate da je neko od va\u0161ih prava povre\u0111eno mo\u017eete podneti i prigovor nacionalnom nadle\u017enom telu za za\u0161titu osobnih podataka., koji \u0107e istra\u017eiti Va\u0161 prigovor i odgovoriti Vam u roku od 3 mjeseca.<\/p>\n<p>[\/vc_column_text][vc_column_text css=&#8221;.vc_custom_1585154384423{margin-bottom: 25px !important;}&#8221;]<\/p>\n<h4>Primjena kola\u010di\u0107a<\/h4>\n<p style=\"text-align: justify;\">Web stranica <a href=\"https:\/\/mojago.tv\/usa\/\">www.mojago.tv<\/a> koristi \u201ccookie\u201d kao identifikator sesije, odnosno cookie sadr\u017ei tzv. \u201csession id\u201d kako bi se osiguralo da tokom trajanja sesije stranica prepoznaje i pamti Va\u0161 preglednik (browser).<\/p>\n<p style=\"text-align: justify;\">Kako bi posjet internetskoj stranici bio \u0161to ugodniji, funkcionalniji i prakti\u010dniji, ova internet stranica sprema na Va\u0161 ra\u010dunar odre\u0111enu koli\u010dinu informacija takozvanih cookies (kola\u010di\u0107i). Oni slu\u017ee da bi web stranica radila optimalno i kako bi se pobolj\u0161alo Va\u0161e iskustvo pregledavanja i kori\u0161tenja. Posjetom i kori\u0161tenjem ove web stranice pristajete na upotrebu kola\u010di\u0107a koje je mogu\u0107e blokirati. Nakon toga \u0107ete i dalje mo\u0107i pregledavati stranicu, ali Vam neke mogu\u0107nosti ne\u0107e biti dostupne.<\/p>\n<p>[\/vc_column_text][vc_column_text css=&#8221;.vc_custom_1603393772547{margin-bottom: 25px !important;}&#8221;]<\/p>\n<h4>\u0160ta su cookies (kola\u010di\u0107i)?<\/h4>\n<p style=\"text-align: justify;\">Kola\u010di\u0107i (tzv. cookies) su minijaturne datoteke koje se spremaju na ra\u010dunar ili mobilni ure\u0111aj kada posjetimo neku web stranicu. Kola\u010di\u0107i dozvoljavaju web stranici da \u201czapamti\u201d aktivnosti ili postavke posjetitelja iz prethodnih posjeta, kako bi ih pri sljede\u0107oj posjeti mogla automatski primeniti. Na taj na\u010din web stranica ve\u0107 \u201czna\u201d da ste ve\u0107 bili ovdje i u nekim slu\u010dajevima prilago\u0111ava ono \u0161to vidite na ekranu. Kola\u010di\u0107i se naj\u010de\u0161\u0107e koriste za pam\u0107enje specifi\u010dnih preferencija korisnika, za pomo\u0107 pri unosu informacija koje su ve\u0107 unesene prilikom prethodnih posjeta, za skupljanje analiti\u010dkih podataka ili za promotivne kampanje.<\/p>\n<p style=\"text-align: justify;\">Kola\u010di\u0107e delimo i na kola\u010di\u0107e prve i kola\u010di\u0107e tre\u0107e strane. Kola\u010di\u0107i prve strane dolaze sa web lokacije na kojoj se upravo nalazite, dok kola\u010di\u0107i tre\u0107e strane dolaze putem oglasa ili kroz vanjske servise s drugih web mjesta.. Kola\u010di\u0107i prve strane se, osim za pravilno funkcionisanje web stranica, koriste i za statisti\u010dko pra\u0107enje aktivnost na web stranici. Podaci koji se tom svrhom prikupljaju uklju\u010duju IP adresu korisnika, podatke o pregledniku, jeziku, operativnom sustavu i druge standardne statisti\u010dke podatke koji se prikupljaju i analiziraju isklju\u010divo u anonimnom i masovnom obliku. Kola\u010di\u0107i tre\u0107e strane se naj\u010de\u0161\u0107e koriste od strane ogla\u0161iva\u010dkih mre\u017ea za analizu pona\u0161anja korisnika na raznim web stranicama. Svrha analize je profiliranje korisnika prema demografiji, interesima i sl. \u2013 \u0161to se naj\u010de\u0161\u0107e koristi u svrhu ogla\u0161avanja.<\/p>\n<p style=\"text-align: justify;\">Stranica <a href=\"https:\/\/mojago.tv\/usa\/\">www.mojago.tv\/usa<\/a> koristi Google Analytics (statisti\u010dki podaci o posje\u0107enosti stranice bez osobnih podataka korisnika). Pravila o kola\u010di\u0107ima potra\u017eite na stranici Google Analyticsa.<\/p>\n<p>[\/vc_column_text][vc_column_text css=&#8221;.vc_custom_1596736666732{margin-bottom: 25px !important;}&#8221;]<\/p>\n<h4>Kako ih onemogu\u0107iti?<\/h4>\n<p style=\"text-align: justify;\">Ako niste saglasni s upotrebom kola\u010di\u0107a, mo\u017eete ih lako izbrisati (ili spre\u010diti) na svom ra\u010dunaru pomo\u0107u postavki preglednika kojim se koristite. Budu\u0107i da je svrha kola\u010di\u0107a pobolj\u0161anje i omogu\u0107ivanje \u0161to boljeg korisni\u010dkog iskustva kori\u0161tenja na\u0161e web stranice i njezinih procesa u punom obimu njihove funkcionalnosti, napominjemo da sam \u010din sprje\u010davanja ili brisanja kola\u010di\u0107a mo\u017ee imati negativan u\u010dinak na kori\u0161tenje web stranice, te prouzrokovati druga\u010diji rad i izgled u Va\u0161em pregledniku.<\/p>\n<p style=\"text-align: justify;\">Kako bi isklju\u010dili kola\u010di\u0107e potrebno je namjestiti postavke i konfiguracije Va\u0161eg internetskog preglednika. Vi\u0161e informacija o upravljanju kola\u010di\u0107ima dostupne su na stranicama preglednika koji koristite ili na <a href=\"https:\/\/www.allaboutcookies.org\/\">www.allaboutcookies.org<\/a>.<\/p>\n<p>[\/vc_column_text][\/vc_column][\/vc_row]<\/p>\n","protected":false},"excerpt":{"rendered":"<p>[vc_row css=&#8221;.vc_custom_1585154612958{margin-top: 70px !important;}&#8221;][vc_column][vc_custom_heading text=&#8221;Pravila za\u0161tite osobnih podataka&#8221; use_theme_fonts=&#8221;yes&#8221; css=&#8221;.vc_custom_1585143997504{padding-bottom: 20px !important;}&#8221;][vc_column_text] Ova pravila odre\u0111uju i reguliraju kako Moja GO TV INC koristi i \u0161titi sve informacije koje fizi\u010dke osobe ostavljaju kada koriste web stranicu: www.mojago.tv\u00a0 Moja GO TV INC sa registrovanom djelatnos\u0107u u Chikagu (kao Trikserina firma koristi brend i usluge Triksere d.o.o.). Moja [&hellip;]<\/p>\n","protected":false},"author":1,"featured_media":0,"parent":0,"menu_order":0,"comment_status":"closed","ping_status":"closed","template":"","meta":{"footnotes":""},"aioseo_notices":[],"_links":{"self":[{"href":"https:\/\/mojago.tv\/usa\/wp-json\/wp\/v2\/pages\/6995"}],"collection":[{"href":"https:\/\/mojago.tv\/usa\/wp-json\/wp\/v2\/pages"}],"about":[{"href":"https:\/\/mojago.tv\/usa\/wp-json\/wp\/v2\/types\/page"}],"author":[{"embeddable":true,"href":"https:\/\/mojago.tv\/usa\/wp-json\/wp\/v2\/users\/1"}],"replies":[{"embeddable":true,"href":"https:\/\/mojago.tv\/usa\/wp-json\/wp\/v2\/comments?post=6995"}],"version-history":[{"count":19,"href":"https:\/\/mojago.tv\/usa\/wp-json\/wp\/v2\/pages\/6995\/revisions"}],"predecessor-version":[{"id":8127,"href":"https:\/\/mojago.tv\/usa\/wp-json\/wp\/v2\/pages\/6995\/revisions\/8127"}],"wp:attachment":[{"href":"https:\/\/mojago.tv\/usa\/wp-json\/wp\/v2\/media?parent=6995"}],"curies":[{"name":"wp","href":"https:\/\/api.w.org\/{rel}","templated":true}]}}